{"id":5214,"date":"2020-03-04T16:20:54","date_gmt":"2020-03-04T14:20:54","guid":{"rendered":"https:\/\/danubesafety.net\/?page_id=5214"},"modified":"2021-04-14T14:53:02","modified_gmt":"2021-04-14T11:53:02","slug":"autoritatea-navala-romana","status":"publish","type":"page","link":"https:\/\/danubesafety.net\/ro\/autoritatea-navala-romana\/","title":{"rendered":"Autoritatea Naval\u0103 Rom\u00e2n\u0103"},"content":{"rendered":"<p>[vc_row row_content_width=&#8221;grid&#8221; parallax_background_image=&#8221;4372&#8243;][vc_column]<div class=\"mkdf-elements-holder-wrapper\"><div class=\"mkdf-elements-holder   mkdf-one-column    mkdf-responsive-mode-768 \" ><div class=\"mkdf-eh-item    \"  data-item-class=\"mkdf-eh-custom-6007\" data-1367-1600=\"147px 61% 157px 0px\" data-1025-1366=\"119px 54% 132px 0px\" data-769-1024=\"119px 35% 132px 0px\" data-681-768=\"119px 17% 132px 0px\" data-680=\"119px 0% 132px 0px\">\n\t<div class=\"mkdf-eh-item-inner\">\n\t\t<div class=\"mkdf-eh-item-content mkdf-eh-custom-6007\" style=\"padding: 190px 59% 204px 0px\">\n\t\t\t<div class=\"mkdf-section-title-holder  mkdf-st-disable-title-break mkdf-st-separator mkdf-s-left\" >\n\t<div class=\"mkdf-st-inner\">\n\t\t\t\t\t<h1 class=\"mkdf-st-title\" style=\"color: #ffffff;padding-bottom: 10px\">\n\t\t\t\tAutoritatea Naval\u0103 Rom\u00e2n\u0103\t\t\t<\/h1>\n\t\t\t\t        \t\t        \t<\/div>\n<\/div>\t\t<\/div>\n\t<\/div>\n<\/div><\/div><\/div>[\/vc_column][\/vc_row][vc_row row_content_width=&#8221;grid&#8221; disable_background_image=&#8221;&#8221; simple_background_image=&#8221;317&#8243; css=&#8221;.vc_custom_1552043514234{padding-top: 105px !important;padding-bottom: 120px !important;}&#8221;][vc_column offset=&#8221;vc_col-lg-offset-0 vc_col-lg-8 vc_col-md-offset-0 vc_col-md-12 vc_col-sm-offset-0 vc_col-xs-12&#8243;][vc_row_inner css=&#8221;.vc_custom_1552038378011{padding-bottom: 10px !important;}&#8221;][vc_column_inner]<div class=\"mkdf-elements-holder-wrapper\"><div class=\"mkdf-elements-holder   mkdf-one-column    mkdf-responsive-mode-768 \" ><div class=\"mkdf-eh-item    \"  data-item-class=\"mkdf-eh-custom-2586\" data-1367-1600=\"0px 170px 0px 0px\" data-1025-1366=\"0px 40px 0px 0px\" data-769-1024=\"0px 90px 0px 0px\" data-681-768=\"0px 0px 0px 0px\" data-680=\"0px 0px 0px 0px\">\n\t<div class=\"mkdf-eh-item-inner\">\n\t\t<div class=\"mkdf-eh-item-content mkdf-eh-custom-2586\" style=\"padding: 0px 170px 0px 0px\">\n\t\t\t<div class=\"mkdf-section-title-holder  mkdf-st-disable-title-break mkdf-st-separator mkdf-s-left\" >\n\t<div class=\"mkdf-st-inner\">\n\t\t\t\t\t<h2 class=\"mkdf-st-title\" style=\"padding-bottom: 10px\">\n\t\t\t\tAutoritatea Naval\u0103 Rom\u00e2n\u0103 (ANR)\t\t\t<\/h2>\n\t\t\t\t\t\t\t<p class=\"mkdf-st-text\" style=\"font-size: 17px;line-height: 25px;margin-top: 2px\">\n\t\t\t\teste autoritatea executiv\u0103 specializat\u0103 din subordinea Ministerului Transporturilor, \u00eendeplinind rolul autorit\u0103\u021bii de stat cu scopul de a asigura siguran\u021ba naviga\u021biei \u0219i securitatea navelor.\t\t\t<\/p>\n\t\t        \t\t        \t<\/div>\n<\/div>\t\t<\/div>\n\t<\/div>\n<\/div><\/div><\/div>[\/vc_column_inner][\/vc_row_inner][vc_row_inner][vc_column_inner width=&#8221;11\/12&#8243;][vc_column_text]Autoritatea Naval\u0103 Rom\u00e2n\u0103 este institu\u021bie public\u0103 cu personalitate juridic\u0103, finan\u021bat\u0103 integral din venituri proprii, situat\u0103 \u00een incinta Portului Constan\u021ba, \u00eenfiin\u021bat\u0103 prin fuziunea Inspectoratului Naviga\u021biei Civile &#8211; I.N.C. cu Regia Autonom\u0103 &#8222;Registrul Naval Rom\u00e2n&#8221;. Ca urmare a fuziunii, ANR a preluat drepturile \u0219i obliga\u021biile ambelor organisme, care, \u00een consecin\u021b\u0103, au fost dizolvate.<\/p>\n<p>Autoritatea Naval\u0103 Rom\u00e2n\u0103 \u00ee\u0219i desf\u0103\u0219oar\u0103 activitatea \u00een teritoriu prin c\u0103pit\u0103niile de port \u0219i inspectoratele tehnice \u2013 ca organe teritoriale operative f\u0103r\u0103 personalitate juridic\u0103.<br \/>\nConducerea Autorit\u0103\u021bii Navale Rom\u00e2ne este asigurat\u0103 de Consiliul de conducere, format din 11 membri, iar pre\u0219edintele consiliului de conducere este directorul general al Autorit\u0103\u021bii Navale Rom\u00e2ne.[\/vc_column_text][\/vc_column_inner][\/vc_row_inner][\/vc_column][vc_column offset=&#8221;vc_col-lg-offset-0 vc_col-lg-4 vc_col-md-offset-0 vc_col-md-12 vc_col-sm-offset-0 vc_col-xs-12&#8243; el_class=&#8221;mkdf-eh-single-image-hover&#8221;]<div class=\"mkdf-elements-holder-wrapper\"><div class=\"mkdf-elements-holder   mkdf-one-column    mkdf-responsive-mode-768 \" ><div class=\"mkdf-eh-item    \"  data-item-class=\"mkdf-eh-custom-1189\" data-1367-1600=\"15px 0 0 0\" data-1025-1366=\"15px 0 0 0\" data-769-1024=\"53px 0 0 0\" data-681-768=\"53px 0 0 0\" data-680=\"53px 0 0 0\">\n\t<div class=\"mkdf-eh-item-inner\">\n\t\t<div class=\"mkdf-eh-item-content mkdf-eh-custom-1189\" style=\"padding: 15px 0 0 0\">\n\t\t\t<div class=\"mkdf-single-image-holder   mkdf-image-behavior-custom-link\">\n    <div class=\"mkdf-si-inner\" >\n        \t            <a itemprop=\"url\" href=\"https:\/\/votestart.mikado-themes.com\/the-texas-senators-aides-have-been-finished\/\" target=\"_self\">\n                                    <img loading=\"lazy\" decoding=\"async\" width=\"1704\" height=\"2560\" src=\"https:\/\/danubesafety.net\/wp-content\/uploads\/2020\/03\/cadru-apropiat-cladire-ANR-scaled-1.jpg\" class=\"attachment-full size-full\" alt=\"\" srcset=\"https:\/\/danubesafety.net\/wp-content\/uploads\/2020\/03\/cadru-apropiat-cladire-ANR-scaled-1.jpg 1704w, https:\/\/danubesafety.net\/wp-content\/uploads\/2020\/03\/cadru-apropiat-cladire-ANR-scaled-1-200x300.jpg 200w, https:\/\/danubesafety.net\/wp-content\/uploads\/2020\/03\/cadru-apropiat-cladire-ANR-scaled-1-682x1024.jpg 682w, https:\/\/danubesafety.net\/wp-content\/uploads\/2020\/03\/cadru-apropiat-cladire-ANR-scaled-1-768x1154.jpg 768w, https:\/\/danubesafety.net\/wp-content\/uploads\/2020\/03\/cadru-apropiat-cladire-ANR-scaled-1-1022x1536.jpg 1022w, https:\/\/danubesafety.net\/wp-content\/uploads\/2020\/03\/cadru-apropiat-cladire-ANR-scaled-1-1363x2048.jpg 1363w\" sizes=\"(max-width: 1704px) 100vw, 1704px\" \/>                                <\/a>\n            <\/div>\n<\/div>\t\t<\/div>\n\t<\/div>\n<\/div><\/div><\/div>[\/vc_column][\/vc_row][vc_row row_content_width=&#8221;grid&#8221; css=&#8221;.vc_custom_1579774410386{padding-top: 20px !important;padding-bottom: 20px !important;}&#8221; simple_background_color=&#8221;#0d3b98&#8243;][vc_column offset=&#8221;vc_col-xs-12&#8243;]<div class=\"mkdf-elements-holder-wrapper\"><div class=\"mkdf-elements-holder   mkdf-two-columns    mkdf-responsive-mode-1024 mkdf-one-column-alignment-left\" ><div class=\"mkdf-eh-item  mkdf-vertical-alignment-top  \"  data-item-class=\"mkdf-eh-custom-2554\" data-1367-1600=\"40px 70px 0 130px\" data-1025-1366=\"7px 0px 0 100px\" data-769-1024=\"44px 262px 0 0px\" data-681-768=\"44px 150px 0 0px\" data-680=\"44px 0px 0 0px\">\n\t<div class=\"mkdf-eh-item-inner\">\n\t\t<div class=\"mkdf-eh-item-content mkdf-eh-custom-2554\" style=\"padding: 40px 68px 0 130px\">\n\t\t\t<div class=\"mkdf-section-title-holder  mkdf-st-disable-title-break  mkdf-s-center\" style=\"text-align: center\">\n\t<div class=\"mkdf-st-inner\">\n\t\t\t\t\t<h2 class=\"mkdf-st-title\" style=\"color: #ffffff;padding-bottom: 10px\">\n\t\t\t\tAutoritatea Naval\u0103 Rom\u00e2n\u0103 are<br \/> urm\u0103toarele atribu\u021bii principale:\t\t\t<\/h2>\n\t\t\t\t        \t\t        \t<\/div>\n<\/div>[vc_empty_space height=&#8221;37px&#8221;]\t\t<\/div>\n\t<\/div>\n<\/div><\/div><\/div>[\/vc_column][\/vc_row][vc_row row_content_width=&#8221;grid&#8221; content_text_aligment=&#8221;left&#8221; css=&#8221;.vc_custom_1579774828555{padding-top: 80px !important;padding-bottom: 80px !important;}&#8221;][vc_column]<div class=\"mkdf-icon-list-holder \" >\n\t<div class=\"mkdf-il-icon-holder\">\n\t\t<span aria-hidden=\"true\" class=\"mkdf-icon-font-elegant icon_check \" style=\"color: #1e73be;font-size: 18px\"><\/span>\t<\/div>\n\t<p class=\"mkdf-il-text\" style=\"font-size: 16px;padding-left: 20px\">inspec\u021bia, controlul \u0219i supravegherea naviga\u021biei \u00een apele na\u021bionale navigabile \u0219i \u00een porturile rom\u00e2ne\u0219ti;<\/p>\n<\/div>[vc_empty_space height=&#8221;10px&#8221;]<div class=\"mkdf-icon-list-holder \" >\n\t<div class=\"mkdf-il-icon-holder\">\n\t\t<span aria-hidden=\"true\" class=\"mkdf-icon-font-elegant icon_check \" style=\"color: #1e73be;font-size: 18px\"><\/span>\t<\/div>\n\t<p class=\"mkdf-il-text\" style=\"font-size: 16px;padding-left: 20px\">aducerea la \u00eendeplinire a obliga\u021biilor ce revin statului din acordurile \u0219i conven\u021biile interna\u021bionale la care Rom\u00e2nia este parte (privind domeniul de activitate al ANR);<\/p>\n<\/div>[vc_empty_space height=&#8221;10px&#8221;]<div class=\"mkdf-icon-list-holder \" >\n\t<div class=\"mkdf-il-icon-holder\">\n\t\t<span aria-hidden=\"true\" class=\"mkdf-icon-font-elegant icon_check \" style=\"color: #1e73be;font-size: 18px\"><\/span>\t<\/div>\n\t<p class=\"mkdf-il-text\" style=\"font-size: 16px;padding-left: 20px\">implementarea normelor, reglement\u0103rilor \u0219i conven\u021biilor interna\u021bionale \u00een legisla\u021bia rom\u00e2n\u0103;<\/p>\n<\/div>[vc_empty_space height=&#8221;10px&#8221;]<div class=\"mkdf-icon-list-holder \" >\n\t<div class=\"mkdf-il-icon-holder\">\n\t\t<span aria-hidden=\"true\" class=\"mkdf-icon-font-elegant icon_check \" style=\"color: #1e73be;font-size: 18px\"><\/span>\t<\/div>\n\t<p class=\"mkdf-il-text\" style=\"font-size: 16px;padding-left: 20px\">controlul statului pavilionului \u0219i controlul statului portului;<\/p>\n<\/div>[vc_empty_space height=&#8221;10px&#8221;]<div class=\"mkdf-icon-list-holder \" >\n\t<div class=\"mkdf-il-icon-holder\">\n\t\t<span aria-hidden=\"true\" class=\"mkdf-icon-font-elegant icon_check \" style=\"color: #1e73be;font-size: 18px\"><\/span>\t<\/div>\n\t<p class=\"mkdf-il-text\" style=\"font-size: 16px;padding-left: 20px\">coordonarea activit\u0103\u021bilor de asistent\u0103, c\u0103utare \u0219i salvare pe mare \u0219i \u00een apele na\u021bionale navigabile precum \u0219i a ac\u021biunilor \u00een caz de calamit\u0103\u021bi naturale \u0219i sinistru naval;<\/p>\n<\/div>[vc_empty_space height=&#8221;10px&#8221;]<div class=\"mkdf-icon-list-holder \" >\n\t<div class=\"mkdf-il-icon-holder\">\n\t\t<span aria-hidden=\"true\" class=\"mkdf-icon-font-elegant icon_check \" style=\"color: #1e73be;font-size: 18px\"><\/span>\t<\/div>\n\t<p class=\"mkdf-il-text\" style=\"font-size: 16px;padding-left: 20px\">protec\u021bia apelor na\u021bionale navigabile \u00eempotriva polu\u0103rii de c\u0103tre nave;<\/p>\n<\/div>[vc_empty_space height=&#8221;10px&#8221;]<div class=\"mkdf-icon-list-holder \" >\n\t<div class=\"mkdf-il-icon-holder\">\n\t\t<span aria-hidden=\"true\" class=\"mkdf-icon-font-elegant icon_check \" style=\"color: #1e73be;font-size: 18px\"><\/span>\t<\/div>\n\t<p class=\"mkdf-il-text\" style=\"font-size: 16px;padding-left: 20px\">cerceteaz\u0103 evenimentele \u0219i accidentele de naviga\u021bie \u00een care sunt implicate navele \u00een apele na\u021bionale navigabile ale Rom\u00e2niei<\/p>\n<\/div>[vc_empty_space height=&#8221;10px&#8221;]<div class=\"mkdf-icon-list-holder \" >\n\t<div class=\"mkdf-il-icon-holder\">\n\t\t<span aria-hidden=\"true\" class=\"mkdf-icon-font-elegant icon_check \" style=\"color: #1e73be;font-size: 18px\"><\/span>\t<\/div>\n\t<p class=\"mkdf-il-text\" style=\"font-size: 16px;padding-left: 20px\">\u00eenmatricularea \u0219i eviden\u021ba navelor sub pavilion rom\u00e2n:<\/p>\n<\/div>[vc_empty_space height=&#8221;10px&#8221;]<div class=\"mkdf-icon-list-holder \" >\n\t<div class=\"mkdf-il-icon-holder\">\n\t\t<span aria-hidden=\"true\" class=\"mkdf-icon-font-elegant icon_check \" style=\"color: #1e73be;font-size: 18px\"><\/span>\t<\/div>\n\t<p class=\"mkdf-il-text\" style=\"font-size: 16px;padding-left: 20px\">eviden\u021ba, atestarea \u0219i brevetarea personalului navigant:<\/p>\n<\/div>[vc_empty_space height=&#8221;10px&#8221;]<div class=\"mkdf-icon-list-holder \" >\n\t<div class=\"mkdf-il-icon-holder\">\n\t\t<span aria-hidden=\"true\" class=\"mkdf-icon-font-elegant icon_check \" style=\"color: #1e73be;font-size: 18px\"><\/span>\t<\/div>\n\t<p class=\"mkdf-il-text\" style=\"font-size: 16px;padding-left: 20px\">certific\u0103 \u0219i monitorizeaz\u0103 conformitatea navelor care arboreaz\u0103 pavilionul rom\u00e2n \u0219i a echipamentelor navelor cu normele tehnice na\u021bionale \u0219i cu prevederile conven\u021biilor interna\u021bionale la care Rom\u00e2nia este parte;<\/p>\n<\/div>[vc_empty_space height=&#8221;10px&#8221;]<div class=\"mkdf-icon-list-holder \" >\n\t<div class=\"mkdf-il-icon-holder\">\n\t\t<span aria-hidden=\"true\" class=\"mkdf-icon-font-elegant icon_check \" style=\"color: #1e73be;font-size: 18px\"><\/span>\t<\/div>\n\t<p class=\"mkdf-il-text\" style=\"font-size: 16px;padding-left: 20px\">urm\u0103re\u0219te respectarea prevederilor Codului ISM \u0219i Codului ISPS.<\/p>\n<\/div>[\/vc_column][\/vc_row][vc_row row_content_width=&#8221;grid&#8221; css=&#8221;.vc_custom_1579774789643{padding-bottom: 80px !important;}&#8221;][vc_column offset=&#8221;vc_col-lg-offset-0 vc_col-md-offset-0 vc_col-sm-offset-0 vc_col-xs-12&#8243;]<div class=\"mkdf-section-title-holder   mkdf-st-separator mkdf-s-center\" style=\"padding: 0 3%;text-align: center\">\n\t<div class=\"mkdf-st-inner\">\n\t\t\t\t\t<h3 class=\"mkdf-st-title\" style=\"color: #000000;padding-bottom: 13px\">\n\t\t\t\tPrincipala misiune a Autorit\u0103\u021bii Navale Rom\u00e2ne\t\t\t<\/h3>\n\t\t\t\t        \t\t        \t<\/div>\n<\/div><div class=\"mkdf-section-title-holder   mkdf-st-separator mkdf-s-center\" style=\"padding: 0 3%;text-align: center\">\n\t<div class=\"mkdf-st-inner\">\n\t\t\t\t\t\t\t<p class=\"mkdf-st-text\" style=\"font-size: 17px;line-height: 25px;font-weight: 400;margin-top: 36px\">\n\t\t\t\tPrincipala misiune a Autorit\u0103\u021bii Navale Rom\u00e2ne este \u00eembun\u0103t\u0103\u021birea continu\u0103 a calit\u0103\u021bii serviciilor, \u00een conformitate cu cerin\u021bele na\u021bionale \u0219i interna\u021bionale \u00een domeniul naviga\u021biei comerciale \u0219i a opera\u021biunilor portuare, pentru a promova \u0219i dezvolta cele mai \u00eenalte standarde pentru nave, echipaje \u0219i siguran\u021ba pasagerilor, precum \u0219i protec\u021bia mediului \u00eempotriva polu\u0103rii.\nMotto-ul nostru \u201eSiguran\u021b\u0103 prin calitate\u201d ilustreaz\u0103 viziunea ANR de a deveni lider \u00een siguran\u021ba \u0219i securitatea transporturilor navale, printr-un nivel ridicat de calitate a serviciilor furnizate \u0219i profesionalismul personalului s\u0103u.\t\t\t<\/p>\n\t\t        \t\t        \t<\/div>\n<\/div>[\/vc_column][\/vc_row][vc_row content_text_aligment=&#8221;center&#8221; simple_background_color=&#8221;#002aa7&#8243;][vc_column css=&#8221;.vc_custom_1578956395205{padding-right: 0px !important;padding-left: 0px !important;}&#8221; offset=&#8221;vc_col-lg-offset-0 vc_col-md-offset-0 vc_col-sm-offset-0 vc_col-xs-12&#8243;]<div class=\"mkdf-elements-holder-wrapper\"><div class=\"mkdf-elements-holder   mkdf-one-column    mkdf-responsive-mode-768 \" style=\"background-color: #164193\"><div class=\"mkdf-eh-item    \"  data-item-class=\"mkdf-eh-custom-4359\" data-1367-1600=\"50px 10px 50px\" data-1025-1366=\"50px 10px 50px\" data-769-1024=\"50px 10px 50px\" data-681-768=\"50px 10px 50px\" data-680=\"50px 10px 50px\">\n\t<div class=\"mkdf-eh-item-inner\">\n\t\t<div class=\"mkdf-eh-item-content mkdf-eh-custom-4359\" style=\"padding: 50px 10px 50px\">\n\t\t\t<div class=\"mkdf-section-title-holder   mkdf-st-separator mkdf-s-center\" style=\"text-align: center\">\n\t<div class=\"mkdf-st-inner\">\n\t\t\t\t\t<h2 class=\"mkdf-st-title\" style=\"color: #ffffff;padding-bottom: 13px\">\n\t\t\t\tContact\t\t\t<\/h2>\n\t\t\t\t\t\t\t<p class=\"mkdf-st-text\" style=\"color: #ffffff;margin-top: 20px\">\n\t\t\t\tExecutive Agency \u201eMaritime Administration\u201d\t\t\t<\/p>\n\t\t        \t\t        \t<\/div>\n<\/div>[vc_empty_space height=&#8221;33px&#8221;]<div class=\"mkdf-iwt clearfix  mkdf-iwt-icon-left mkdf-iwt-icon-small\">\n\t\t<div class=\"mkdf-iwt-icon\">\n\t\t\t\t\t\t\t\t\t    <span class=\"mkdf-icon-shortcode mkdf-normal   mkdf-icon-small\"  data-hover-color=\"#ffffff\" data-color=\"#ffffff\">\n                    <span aria-hidden=\"true\" class=\"mkdf-icon-font-elegant icon_phone mkdf-icon-element\" style=\"color: #ffffff;font-size:22px\" ><\/span>            <\/span>\n\t\t\t\t\t\t<\/div>\n\t<div class=\"mkdf-iwt-content\" >\n\t\t\t\t\t<h4 class=\"mkdf-iwt-title\" style=\"color: #ffffff;margin-top: 3px\">\n\t\t\t\t\t\t\t\t<span class=\"mkdf-iwt-title-text\">+40241616124<\/span>\n\t\t\t\t\t\t\t<\/h4>\n\t\t\t\t        \t<\/div>\n<\/div>[vc_column_text]<span style=\"color: #ffffff;\">Address: 900900, Incint\u0103 Port Constan\u021ba\u200b<br \/>\n1\u200b, Cl\u0103dire ANR, Constan\u021ba, Romania<br \/>\nE-mail: <a style=\"color: #ffffff;\" href=\"mailto:rna@rna.ro\u200b\">rna@rna.ro\u200b<\/a><br \/>\nWebsite: <a style=\"color: #ffffff;\" href=\"http:\/\/www.rna.ro\">www.rna.ro<\/a><\/span>[\/vc_column_text]\t\t<\/div>\n\t<\/div>\n<\/div><span class=\"mkdf-elements-holder-inner\" style=\"font-size: 264px;color: #123a89;top: 170px;right: 0px;bottom: 0px;left: 0px\">Contact<\/span><\/div><\/div>[\/vc_column][\/vc_row]<\/p>\n","protected":false},"excerpt":{"rendered":"<p>[vc_row row_content_width=&#8221;grid&#8221; parallax_background_image=&#8221;4372&#8243;][vc_column][\/vc_column][\/vc_row][vc_row row_content_width=&#8221;grid&#8221; disable_background_image=&#8221;&#8221; simple_background_image=&#8221;317&#8243; css=&#8221;.vc_custom_1552043514234{padding-top: 105px !important;padding-bottom: 120px !important;}&#8221;][vc_column offset=&#8221;vc_col-lg-offset-0 vc_col-lg-8 vc_col-md-offset-0 vc_col-md-12 vc_col-sm-offset-0 vc_col-xs-12&#8243;][vc_row_inner css=&#8221;.vc_custom_1552038378011{padding-bottom: 10px !important;}&#8221;][vc_column_inner][\/vc_column_inner][\/vc_row_inner][vc_row_inner][vc_column_inner width=&#8221;11\/12&#8243;][vc_column_text]Autoritatea Naval\u0103 Rom\u00e2n\u0103 este institu\u021bie public\u0103 cu personalitate juridic\u0103, finan\u021bat\u0103 integral din venituri proprii, situat\u0103 \u00een incinta Portului Constan\u021ba, \u00eenfiin\u021bat\u0103 prin fuziunea Inspectoratului Naviga\u021biei Civile &#8211; I.N.C. cu Regia Autonom\u0103 &#8222;Registrul Naval Rom\u00e2n&#8221;. Ca urmare a fuziunii, ANR a preluat drepturile \u0219i obliga\u021biile ambelor organisme, care, \u00een consecin\u021b\u0103, au fost dizolvate. Autoritatea Naval\u0103 Rom\u00e2n\u0103 \u00ee\u0219i desf\u0103\u0219oar\u0103 activitatea \u00een teritoriu prin c\u0103pit\u0103niile de port \u0219i [&hellip;]<\/p>\n","protected":false},"author":1,"featured_media":0,"parent":0,"menu_order":0,"comment_status":"closed","ping_status":"closed","template":"full-width.php","meta":{"footnotes":""},"_links":{"self":[{"href":"https:\/\/danubesafety.net\/ro\/wp-json\/wp\/v2\/pages\/5214"}],"collection":[{"href":"https:\/\/danubesafety.net\/ro\/wp-json\/wp\/v2\/pages"}],"about":[{"href":"https:\/\/danubesafety.net\/ro\/wp-json\/wp\/v2\/types\/page"}],"author":[{"embeddable":true,"href":"https:\/\/danubesafety.net\/ro\/wp-json\/wp\/v2\/users\/1"}],"replies":[{"embeddable":true,"href":"https:\/\/danubesafety.net\/ro\/wp-json\/wp\/v2\/comments?post=5214"}],"version-history":[{"count":5,"href":"https:\/\/danubesafety.net\/ro\/wp-json\/wp\/v2\/pages\/5214\/revisions"}],"predecessor-version":[{"id":5216,"href":"https:\/\/danubesafety.net\/ro\/wp-json\/wp\/v2\/pages\/5214\/revisions\/5216"}],"wp:attachment":[{"href":"https:\/\/danubesafety.net\/ro\/wp-json\/wp\/v2\/media?parent=5214"}],"curies":[{"name":"wp","href":"https:\/\/api.w.org\/{rel}","templated":true}]}}