{"id":5244,"date":"2020-03-04T16:51:46","date_gmt":"2020-03-04T14:51:46","guid":{"rendered":"https:\/\/danubesafety.net\/?page_id=5244"},"modified":"2022-11-01T12:05:06","modified_gmt":"2022-11-01T10:05:06","slug":"stiri","status":"publish","type":"page","link":"https:\/\/danubesafety.net\/ro\/stiri\/","title":{"rendered":"\u0218tiri"},"content":{"rendered":"<p>[vc_row row_content_width=&#8221;grid&#8221; css=&#8221;.vc_custom_1582887916838{padding-bottom: 30px !important;}&#8221;][vc_column]<div class=\"mkdf-blog-list-holder mkdf-grid-list mkdf-bl-standard mkdf-five-columns mkdf-disable-bottom-space mkdf-normal-space mkdf-bl-pag-no-pagination\"  data-type=standard data-number-of-posts=20 data-number-of-columns=five data-space-between-items=normal data-category=\u0219tiri data-orderby=date data-order=ASC data-image-size=full data-title-tag=h5 data-excerpt-length=40 data-post-info-section=yes data-post-info-image=yes data-post-info-author=yes data-post-info-date=yes data-post-info-category=yes data-post-info-comments=no data-post-info-like=no data-post-info-share=no data-pagination-type=no-pagination data-max-num-pages=1 data-next-page=2>\n\t<div class=\"mkdf-bl-wrapper mkdf-outer-space\">\n\t\t<ul class=\"mkdf-blog-list\">\n\t\t\t<li class=\"mkdf-bl-item mkdf-item-space\">\n\t<div class=\"mkdf-bli-inner\">\n\t\t\n\t<div class=\"mkdf-post-image\">\n\t\t\t\t\t<a itemprop=\"url\" href=\"https:\/\/danubesafety.net\/ro\/prelungirea-perioadei-de-implementare-a-proiectului-cu-3-luni\/\" title=\"Prelungirea perioadei de implementare a proiectului cu 3 luni\">\n\t\t\t\t\t<img loading=\"lazy\" decoding=\"async\" width=\"1273\" height=\"760\" src=\"https:\/\/danubesafety.net\/wp-content\/uploads\/2021\/10\/PROJECT_DUNABE_SAFETY_NET_LOGO_271118-01-1273x760.jpg\" class=\"attachment-votestart_mikado_blog_post size-votestart_mikado_blog_post wp-post-image\" alt=\"\" \/>\t\t\t\t\t<\/a>\n\t\t\t\t\t<\/div>\n        <div class=\"mkdf-bli-content\">\n                            <div class=\"mkdf-bli-info\">\n\t                <div class=\"mkdf-post-info-category\">\n    <a href=\"https:\/\/danubesafety.net\/ro\/category\/stiri\/\" rel=\"category tag\">\u0218tiri<\/a><\/div>                <\/div>\n            \t\n\t        \n<h5 itemprop=\"name\" class=\"entry-title mkdf-post-title\" >\n            <a itemprop=\"url\" href=\"https:\/\/danubesafety.net\/ro\/prelungirea-perioadei-de-implementare-a-proiectului-cu-3-luni\/\" title=\"Prelungirea perioadei de implementare a proiectului cu 3 luni\">\n            Prelungirea perioadei de implementare a proiectului cu 3 luni            <\/a>\n    <\/h5>            <div class=\"mkdf-post-info-author\">\n    <span class=\"mkdf-post-info-author-text\">\n        By    <\/span>\n    <a itemprop=\"author\" class=\"mkdf-post-info-author-link\" href=\"https:\/\/danubesafety.net\/ro\/author\/pmarchevski\/\">\n        Pavlin Marchevski    <\/a>\n<\/div>        <\/div>\n\t<\/div>\n<\/li><li class=\"mkdf-bl-item mkdf-item-space\">\n\t<div class=\"mkdf-bli-inner\">\n\t\t\n\t<div class=\"mkdf-post-image\">\n\t\t\t\t\t<a itemprop=\"url\" href=\"https:\/\/danubesafety.net\/ro\/prelungirea-perioadei-de-implementare-a-proiectului-cu-10-luni\/\" title=\"Prelungirea perioadei de implementare a proiectului cu 10 luni\">\n\t\t\t\t\t<img loading=\"lazy\" decoding=\"async\" width=\"1273\" height=\"760\" src=\"https:\/\/danubesafety.net\/wp-content\/uploads\/2021\/10\/PROJECT_DUNABE_SAFETY_NET_LOGO_271118-01-1273x760.jpg\" class=\"attachment-votestart_mikado_blog_post size-votestart_mikado_blog_post wp-post-image\" alt=\"\" \/>\t\t\t\t\t<\/a>\n\t\t\t\t\t<\/div>\n        <div class=\"mkdf-bli-content\">\n                            <div class=\"mkdf-bli-info\">\n\t                <div class=\"mkdf-post-info-category\">\n    <a href=\"https:\/\/danubesafety.net\/ro\/category\/stiri\/\" rel=\"category tag\">\u0218tiri<\/a><\/div>                <\/div>\n            \t\n\t        \n<h5 itemprop=\"name\" class=\"entry-title mkdf-post-title\" >\n            <a itemprop=\"url\" href=\"https:\/\/danubesafety.net\/ro\/prelungirea-perioadei-de-implementare-a-proiectului-cu-10-luni\/\" title=\"Prelungirea perioadei de implementare a proiectului cu 10 luni\">\n            Prelungirea perioadei de implementare a proiectului cu 10 luni            <\/a>\n    <\/h5>            <div class=\"mkdf-post-info-author\">\n    <span class=\"mkdf-post-info-author-text\">\n        By    <\/span>\n    <a itemprop=\"author\" class=\"mkdf-post-info-author-link\" href=\"https:\/\/danubesafety.net\/ro\/author\/pmarchevski\/\">\n        Pavlin Marchevski    <\/a>\n<\/div>        <\/div>\n\t<\/div>\n<\/li><li class=\"mkdf-bl-item mkdf-item-space\">\n\t<div class=\"mkdf-bli-inner\">\n\t\t\n\t<div class=\"mkdf-post-image\">\n\t\t\t\t\t<a itemprop=\"url\" href=\"https:\/\/danubesafety.net\/ro\/agentia-executiva-administratia-maritima-organizeaza-un-eveniment-public-pentru-prezentarea-a-doua-barje-noi-destinate-desfasurarii-activitatilor-de-urgenta-si-salvare-pe-fluviul-du\/\" title=\"Agen\u021bia Executiv\u0103 \u201eAdministra\u021bia Maritim\u0103\u201d Agen\u021bia Executiv\u0103 \u201eAdministra\u021bia Maritim\u0103\u201d organizeaz\u0103 un eveniment public pentru prezentarea a dou\u0103 barje noi, destinate desf\u0103\u0219ur\u0103rii activit\u0103\u021bilor de urgen\u021b\u0103 \u0219i salvare pe fluviul Dun\u0103re\">\n\t\t\t\t\t<img loading=\"lazy\" decoding=\"async\" width=\"1300\" height=\"760\" src=\"https:\/\/danubesafety.net\/wp-content\/uploads\/2022\/05\/DJI_0064-1-1300x760.jpg\" class=\"attachment-votestart_mikado_blog_post size-votestart_mikado_blog_post wp-post-image\" alt=\"\" \/>\t\t\t\t\t<\/a>\n\t\t\t\t\t<\/div>\n        <div class=\"mkdf-bli-content\">\n                            <div class=\"mkdf-bli-info\">\n\t                <div class=\"mkdf-post-info-category\">\n    <a href=\"https:\/\/danubesafety.net\/ro\/category\/stiri\/\" rel=\"category tag\">\u0218tiri<\/a><\/div>                <\/div>\n            \t\n\t        \n<h5 itemprop=\"name\" class=\"entry-title mkdf-post-title\" >\n            <a itemprop=\"url\" href=\"https:\/\/danubesafety.net\/ro\/agentia-executiva-administratia-maritima-organizeaza-un-eveniment-public-pentru-prezentarea-a-doua-barje-noi-destinate-desfasurarii-activitatilor-de-urgenta-si-salvare-pe-fluviul-du\/\" title=\"Agen\u021bia Executiv\u0103 \u201eAdministra\u021bia Maritim\u0103\u201d Agen\u021bia Executiv\u0103 \u201eAdministra\u021bia Maritim\u0103\u201d organizeaz\u0103 un eveniment public pentru prezentarea a dou\u0103 barje noi, destinate desf\u0103\u0219ur\u0103rii activit\u0103\u021bilor de urgen\u021b\u0103 \u0219i salvare pe fluviul Dun\u0103re\">\n            Agen\u021bia Executiv\u0103 \u201eAdministra\u021bia Maritim\u0103\u201d Agen\u021bia Executiv\u0103 \u201eAdministra\u021bia Maritim\u0103\u201d organizeaz\u0103 un eveniment public pentru prezentarea a dou\u0103 barje noi, destinate desf\u0103\u0219ur\u0103rii activit\u0103\u021bilor de urgen\u021b\u0103 \u0219i salvare pe fluviul Dun\u0103re            <\/a>\n    <\/h5>            <div class=\"mkdf-post-info-author\">\n    <span class=\"mkdf-post-info-author-text\">\n        By    <\/span>\n    <a itemprop=\"author\" class=\"mkdf-post-info-author-link\" href=\"https:\/\/danubesafety.net\/ro\/author\/pmarchevski\/\">\n        Pavlin Marchevski    <\/a>\n<\/div>        <\/div>\n\t<\/div>\n<\/li><li class=\"mkdf-bl-item mkdf-item-space\">\n\t<div class=\"mkdf-bli-inner\">\n\t\t\n\t<div class=\"mkdf-post-image\">\n\t\t\t\t\t<a itemprop=\"url\" href=\"https:\/\/danubesafety.net\/ro\/anunt-privind-finalizarea-proiectului\/\" title=\"Anun\u021b privind finalizarea proiectului\">\n\t\t\t\t\t<img loading=\"lazy\" decoding=\"async\" width=\"191\" height=\"147\" src=\"https:\/\/danubesafety.net\/wp-content\/uploads\/2020\/03\/Group-104.png\" class=\"attachment-votestart_mikado_blog_post size-votestart_mikado_blog_post wp-post-image\" alt=\"\" \/>\t\t\t\t\t<\/a>\n\t\t\t\t\t<\/div>\n        <div class=\"mkdf-bli-content\">\n                            <div class=\"mkdf-bli-info\">\n\t                <div class=\"mkdf-post-info-category\">\n    <a href=\"https:\/\/danubesafety.net\/ro\/category\/stiri\/\" rel=\"category tag\">\u0218tiri<\/a><\/div>                <\/div>\n            \t\n\t        \n<h5 itemprop=\"name\" class=\"entry-title mkdf-post-title\" >\n            <a itemprop=\"url\" href=\"https:\/\/danubesafety.net\/ro\/anunt-privind-finalizarea-proiectului\/\" title=\"Anun\u021b privind finalizarea proiectului\">\n            Anun\u021b privind finalizarea proiectului            <\/a>\n    <\/h5>            <div class=\"mkdf-post-info-author\">\n    <span class=\"mkdf-post-info-author-text\">\n        By    <\/span>\n    <a itemprop=\"author\" class=\"mkdf-post-info-author-link\" href=\"https:\/\/danubesafety.net\/ro\/author\/pmarchevski\/\">\n        Pavlin Marchevski    <\/a>\n<\/div>        <\/div>\n\t<\/div>\n<\/li><li class=\"mkdf-bl-item mkdf-item-space\">\n\t<div class=\"mkdf-bli-inner\">\n\t\t\n\t<div class=\"mkdf-post-image\">\n\t\t\t\t\t<a itemprop=\"url\" href=\"https:\/\/danubesafety.net\/ro\/agentia-executiva-administratia-maritima-organizeaza-un-eveniment-public-pentru-prezentarea-a-doua-barje-noi-destinate-desfasurarii-activitatilor-de-urgenta-si-salvare-pe-fluviul-du-2\/\" title=\"Agen\u021bia Executiv\u0103 \u201eAdministra\u021bia Maritim\u0103\u201d organizeaz\u0103 un eveniment public pentru prezentarea a dou\u0103 barje noi, destinate desf\u0103\u0219ur\u0103rii activit\u0103\u021bilor de urgen\u021b\u0103 \u0219i salvare pe fluviul Dun\u0103re\">\n\t\t\t\t\t<img loading=\"lazy\" decoding=\"async\" width=\"191\" height=\"147\" src=\"https:\/\/danubesafety.net\/wp-content\/uploads\/2020\/03\/Group-104.png\" class=\"attachment-votestart_mikado_blog_post size-votestart_mikado_blog_post wp-post-image\" alt=\"\" \/>\t\t\t\t\t<\/a>\n\t\t\t\t\t<\/div>\n        <div class=\"mkdf-bli-content\">\n                            <div class=\"mkdf-bli-info\">\n\t                <div class=\"mkdf-post-info-category\">\n    <a href=\"https:\/\/danubesafety.net\/ro\/category\/stiri\/\" rel=\"category tag\">\u0218tiri<\/a><\/div>                <\/div>\n            \t\n\t        \n<h5 itemprop=\"name\" class=\"entry-title mkdf-post-title\" >\n            <a itemprop=\"url\" href=\"https:\/\/danubesafety.net\/ro\/agentia-executiva-administratia-maritima-organizeaza-un-eveniment-public-pentru-prezentarea-a-doua-barje-noi-destinate-desfasurarii-activitatilor-de-urgenta-si-salvare-pe-fluviul-du-2\/\" title=\"Agen\u021bia Executiv\u0103 \u201eAdministra\u021bia Maritim\u0103\u201d organizeaz\u0103 un eveniment public pentru prezentarea a dou\u0103 barje noi, destinate desf\u0103\u0219ur\u0103rii activit\u0103\u021bilor de urgen\u021b\u0103 \u0219i salvare pe fluviul Dun\u0103re\">\n            Agen\u021bia Executiv\u0103 \u201eAdministra\u021bia Maritim\u0103\u201d organizeaz\u0103 un eveniment public pentru prezentarea a dou\u0103 barje noi, destinate desf\u0103\u0219ur\u0103rii activit\u0103\u021bilor de urgen\u021b\u0103 \u0219i salvare pe fluviul Dun\u0103re            <\/a>\n    <\/h5>            <div class=\"mkdf-post-info-author\">\n    <span class=\"mkdf-post-info-author-text\">\n        By    <\/span>\n    <a itemprop=\"author\" class=\"mkdf-post-info-author-link\" href=\"https:\/\/danubesafety.net\/ro\/author\/pmarchevski\/\">\n        Pavlin Marchevski    <\/a>\n<\/div>        <\/div>\n\t<\/div>\n<\/li>\t\t<\/ul>\n\t<\/div>\n\t<\/div>[\/vc_column][\/vc_row]<\/p>\n","protected":false},"excerpt":{"rendered":"<p>[vc_row row_content_width=&#8221;grid&#8221; css=&#8221;.vc_custom_1582887916838{padding-bottom: 30px !important;}&#8221;][vc_column][\/vc_column][\/vc_row]<\/p>\n","protected":false},"author":1,"featured_media":0,"parent":0,"menu_order":0,"comment_status":"closed","ping_status":"closed","template":"full-width.php","meta":{"footnotes":""},"_links":{"self":[{"href":"https:\/\/danubesafety.net\/ro\/wp-json\/wp\/v2\/pages\/5244"}],"collection":[{"href":"https:\/\/danubesafety.net\/ro\/wp-json\/wp\/v2\/pages"}],"about":[{"href":"https:\/\/danubesafety.net\/ro\/wp-json\/wp\/v2\/types\/page"}],"author":[{"embeddable":true,"href":"https:\/\/danubesafety.net\/ro\/wp-json\/wp\/v2\/users\/1"}],"replies":[{"embeddable":true,"href":"https:\/\/danubesafety.net\/ro\/wp-json\/wp\/v2\/comments?post=5244"}],"version-history":[{"count":11,"href":"https:\/\/danubesafety.net\/ro\/wp-json\/wp\/v2\/pages\/5244\/revisions"}],"predecessor-version":[{"id":6219,"href":"https:\/\/danubesafety.net\/ro\/wp-json\/wp\/v2\/pages\/5244\/revisions\/6219"}],"wp:attachment":[{"href":"https:\/\/danubesafety.net\/ro\/wp-json\/wp\/v2\/media?parent=5244"}],"curies":[{"name":"wp","href":"https:\/\/api.w.org\/{rel}","templated":true}]}}