{"id":5247,"date":"2020-03-04T16:52:43","date_gmt":"2020-03-04T14:52:43","guid":{"rendered":"https:\/\/danubesafety.net\/?page_id=5247"},"modified":"2022-05-08T18:53:56","modified_gmt":"2022-05-08T15:53:56","slug":"despre-proiect","status":"publish","type":"page","link":"https:\/\/danubesafety.net\/ro\/despre-proiect\/","title":{"rendered":"Despre proiect"},"content":{"rendered":"<p>[vc_row row_content_width=&#8221;grid&#8221; parallax_background_image=&#8221;4366&#8243;][vc_column]<div class=\"mkdf-elements-holder-wrapper\"><div class=\"mkdf-elements-holder   mkdf-one-column    mkdf-responsive-mode-768 \" ><div class=\"mkdf-eh-item    \"  data-item-class=\"mkdf-eh-custom-6342\" data-1367-1600=\"147px 62% 157px 0px\" data-1025-1366=\"119px 58% 132px 0px\" data-769-1024=\"119px 41% 132px 0px\" data-681-768=\"119px 24% 132px 0px\" data-680=\"119px 0% 132px 0px\">\n\t<div class=\"mkdf-eh-item-inner\">\n\t\t<div class=\"mkdf-eh-item-content mkdf-eh-custom-6342\" style=\"padding: 190px 62% 204px 0px\">\n\t\t\t<div class=\"mkdf-section-title-holder  mkdf-st-disable-title-break mkdf-st-separator mkdf-s-left\" >\n\t<div class=\"mkdf-st-inner\">\n\t\t\t\t\t<h1 class=\"mkdf-st-title\" style=\"color: #ffffff;padding-bottom: 10px\">\n\t\t\t\tDespre proiectul DanubeSafety Net\t\t\t<\/h1>\n\t\t\t\t\t\t\t<p class=\"mkdf-st-text\" style=\"color: #ffffff;font-size: 17px;line-height: 25px;margin-top: 10px\">\n\t\t\t\tProiectul \u201e\u00cembun\u0103t\u0103\u021birea siguran\u021bei transportului \u00een sectorul comun bulgaro-rom\u00e2n al fluviului Dun\u0103rea prin dezvoltarea r\u0103spunsului de urgen\u021b\u0103 prin cooperare transfrontalier\u0103\u201d\t\t\t<\/p>\n\t\t        \t\t        \t<\/div>\n<\/div>\t\t<\/div>\n\t<\/div>\n<\/div><\/div><\/div>[\/vc_column][\/vc_row][vc_row row_content_width=&#8221;grid&#8221; content_text_aligment=&#8221;center&#8221; css=&#8221;.vc_custom_1553780325311{padding-top: 110px !important;padding-bottom: 54px !important;}&#8221;][vc_column width=&#8221;5\/6&#8243; offset=&#8221;vc_col-lg-offset-1 vc_col-lg-10 vc_col-md-offset-2 vc_col-md-8 vc_col-sm-offset-1 vc_col-xs-12&#8243;]<div class=\"mkdf-section-title-holder   mkdf-st-separator mkdf-s-center\" style=\"padding: 0 13px\">\n\t<div class=\"mkdf-st-inner\">\n\t\t\t\t\t<h2 class=\"mkdf-st-title\" >\n\t\t\t\tProiectul DanubeSafety Net \/ ROBG-522\t\t\t<\/h2>\n\t\t\t\t\t\t\t<p class=\"mkdf-st-text\" style=\"font-size: 17px;line-height: 25px;margin-top: 32px\">\n\t\t\t\tProiectul DanubeSafety Net a fost aprobat pentru finan\u021bare \u00een cadrul celei de-a treia cereri de propuneri de proiecte a Programului INTERREG V-A Rom\u00e2nia - Bulgaria 2014 - 2020.\t\t\t<\/p>\n\t\t        \t\t        \t<\/div>\n<\/div><div class=\"mkdf-section-title-holder   mkdf-st-separator mkdf-s-center\" style=\"padding: 0 13px\">\n\t<div class=\"mkdf-st-inner\">\n\t\t\t\t\t\t\t<p class=\"mkdf-st-text\" style=\"font-size: 17px;line-height: 25px;margin-top: 32px\">\n\t\t\t\tProiectul contribuie la Axa prioritar\u0103 1 \u201eO regiune bine conectat\u0103\u201d, Obiectiv specific 1.2: \u201eCre\u0219terea siguran\u021bei transportului pe c\u0103ile navigabile \u0219i rutele de transport maritim\u201d din program \u0219i este clasificat ca proiect \u201eHard\u201d.\t\t\t<\/p>\n\t\t        \t\t        \t<\/div>\n<\/div>[\/vc_column][\/vc_row][vc_row row_content_width=&#8221;grid&#8221; disable_background_image=&#8221;&#8221; content_text_aligment=&#8221;center&#8221; simple_background_image=&#8221;122&#8243; css=&#8221;.vc_custom_1579772876462{padding-top: 80px !important;padding-bottom: 80px !important;}&#8221;][vc_column offset=&#8221;vc_col-lg-offset-2 vc_col-lg-8 vc_col-md-offset-1 vc_col-md-10 vc_col-sm-offset-0 vc_col-xs-12&#8243;]<div class=\"mkdf-section-title-holder    mkdf-s-center\" >\n\t<div class=\"mkdf-st-inner\">\n\t\t\t\t\t<h2 class=\"mkdf-st-title\" style=\"color: #ffffff;padding-bottom: 13px\">\n\t\t\t\tInformatii generale despre ProiectulDanubeSafety Net\t\t\t<\/h2>\n\t\t\t\t        \t\t        \t<\/div>\n<\/div>[\/vc_column][\/vc_row][vc_row row_content_width=&#8221;grid&#8221; css=&#8221;.vc_custom_1579771703549{padding-top: 60px !important;padding-bottom: 20px !important;}&#8221; simple_background_color=&#8221;#f7f7f7&#8243;][vc_column width=&#8221;1\/3&#8243; offset=&#8221;vc_col-lg-offset-0 vc_col-lg-4 vc_col-md-offset-0 vc_col-md-6 vc_col-sm-offset-0 vc_col-xs-12&#8243;]<div class=\"mkdf-section-title-holder   mkdf-st-separator mkdf-s-left\" style=\"text-align: left\">\n\t<div class=\"mkdf-st-inner\">\n\t\t\t\t\t<h5 class=\"mkdf-st-title\" >\n\t\t\t\tDURATA\t\t\t<\/h5>\n\t\t\t\t\t\t\t<p class=\"mkdf-st-text\" style=\"font-size: 20px\">\n\t\t\t\t49 luni\t\t\t<\/p>\n\t\t        \t\t        \t<\/div>\n<\/div>[vc_empty_space height=&#8221;50px&#8221;][\/vc_column][vc_column width=&#8221;1\/3&#8243; offset=&#8221;vc_col-lg-offset-0 vc_col-lg-4 vc_col-md-offset-0 vc_col-md-6 vc_col-sm-offset-0 vc_col-xs-12&#8243;]<div class=\"mkdf-section-title-holder   mkdf-st-separator mkdf-s-left\" style=\"text-align: left\">\n\t<div class=\"mkdf-st-inner\">\n\t\t\t\t\t<h5 class=\"mkdf-st-title\" >\n\t\t\t\tDATA DE \u00ceNCEPUT\t\t\t<\/h5>\n\t\t\t\t\t\t\t<p class=\"mkdf-st-text\" style=\"font-size: 20px\">\n\t\t\t\t15.09.2018\t\t\t<\/p>\n\t\t        \t\t        \t<\/div>\n<\/div>[vc_empty_space height=&#8221;50px&#8221;][\/vc_column][vc_column width=&#8221;1\/3&#8243; offset=&#8221;vc_col-lg-offset-0 vc_col-lg-4 vc_col-md-offset-0 vc_col-md-6 vc_col-sm-offset-0 vc_col-xs-12&#8243;]<div class=\"mkdf-section-title-holder   mkdf-st-separator mkdf-s-left\" style=\"text-align: left\">\n\t<div class=\"mkdf-st-inner\">\n\t\t\t\t\t<h5 class=\"mkdf-st-title\" >\n\t\t\t\tDATA DE FINALIZARE\t\t\t<\/h5>\n\t\t\t\t\t\t\t<p class=\"mkdf-st-text\" style=\"font-size: 20px\">\n\t\t\t\t14.10.2022\t\t\t<\/p>\n\t\t        \t\t        \t<\/div>\n<\/div>[vc_empty_space height=&#8221;50px&#8221;][\/vc_column][\/vc_row][vc_row row_content_width=&#8221;grid&#8221; css=&#8221;.vc_custom_1579772384631{padding-top: 70px !important;padding-bottom: 30px !important;}&#8221;][vc_column width=&#8221;1\/2&#8243; offset=&#8221;vc_col-lg-offset-0 vc_col-md-offset-0 vc_col-sm-offset-0 vc_col-xs-12&#8243;]<div class=\"mkdf-section-title-holder    mkdf-s-center\" >\n\t<div class=\"mkdf-st-inner\">\n\t\t\t\t\t<h3 class=\"mkdf-st-title\" style=\"padding-bottom: 13px\">\n\t\t\t\tPARTNERI\t\t\t<\/h3>\n\t\t\t\t        \t\t        \t<\/div>\n<\/div>[\/vc_column][vc_column width=&#8221;1\/2&#8243;]<div class=\"mkdf-section-title-holder    mkdf-s-center\" >\n\t<div class=\"mkdf-st-inner\">\n\t\t\t\t\t<h3 class=\"mkdf-st-title\" style=\"padding-bottom: 13px\">\n\t\t\t\tBUDGET\t\t\t<\/h3>\n\t\t\t\t        \t\t        \t<\/div>\n<\/div>[\/vc_column][\/vc_row][vc_row row_content_width=&#8221;grid&#8221; css=&#8221;.vc_custom_1579772840304{padding-bottom: 80px !important;}&#8221;][vc_column width=&#8221;1\/2&#8243; offset=&#8221;vc_col-lg-6&#8243;]<div class=\"mkdf-section-title-holder    mkdf-s-center\" >\n\t<div class=\"mkdf-st-inner\">\n\t\t\t\t\t<h5 class=\"mkdf-st-title\" >\n\t\t\t\tExecutive Agency \u201cMaritime Administration\u201d (EAMA)\t\t\t<\/h5>\n\t\t\t\t\t\t\t<p class=\"mkdf-st-text\" style=\"font-size: 16px\">\n\t\t\t\tPartener principal\t\t\t<\/p>\n\t\t        \t\t        \t<\/div>\n<\/div>[vc_empty_space height=&#8221;60px&#8221;]<div class=\"mkdf-section-title-holder    mkdf-s-center\" >\n\t<div class=\"mkdf-st-inner\">\n\t\t\t\t\t<h5 class=\"mkdf-st-title\" >\n\t\t\t\tAutoritatea Naval\u0103 Rom\u00e2n\u0103 (ANR)\t\t\t<\/h5>\n\t\t\t\t\t\t\t<p class=\"mkdf-st-text\" style=\"font-size: 16px\">\n\t\t\t\tPartener\t\t\t<\/p>\n\t\t        \t\t        \t<\/div>\n<\/div>[\/vc_column][vc_column width=&#8221;1\/2&#8243; offset=&#8221;vc_col-lg-6&#8243;]<div class=\"mkdf-section-title-holder    mkdf-s-center\" >\n\t<div class=\"mkdf-st-inner\">\n\t\t\t\t\t<h5 class=\"mkdf-st-title\" >\n\t\t\t\tBugetul general al proiectului\t\t\t<\/h5>\n\t\t\t\t\t\t\t<p class=\"mkdf-st-text\" style=\"font-size: 16px\">\n\t\t\t\t5,699,612.87 euro\t\t\t<\/p>\n\t\t        \t\t        \t<\/div>\n<\/div>[vc_empty_space height=&#8221;60px&#8221;]<div class=\"mkdf-section-title-holder    mkdf-s-center\" >\n\t<div class=\"mkdf-st-inner\">\n\t\t\t\t\t<h5 class=\"mkdf-st-title\" >\n\t\t\t\tContribu\u021biadin Fondul European de Dezvoltare Regional\u0103 (85%)\t\t\t<\/h5>\n\t\t\t\t\t\t\t<p class=\"mkdf-st-text\" style=\"font-size: 16px\">\n\t\t\t\t4,844,670.93 euro\t\t\t<\/p>\n\t\t        \t\t        \t<\/div>\n<\/div>[\/vc_column][\/vc_row][vc_row row_content_width=&#8221;grid&#8221; css=&#8221;.vc_custom_1579772832425{padding-bottom: 80px !important;}&#8221;][vc_column]<div class=\"mkdf-section-title-holder   mkdf-st-separator mkdf-s-center\" >\n\t<div class=\"mkdf-st-inner\">\n\t\t\t\t\t\t\t<h3 class=\"mkdf-st-text\" style=\"font-size: 18px;line-height: 26px\">\n\t\t\t\tObiectivul general al proiectului DanubeSafety Net este:<br \/>\n\u00cembun\u0103t\u0103\u021birea siguran\u021beinaviga\u021biei pe fluviului Dun\u0103rea pe toat\u0103 lungimea sectorului comun dintre Rom\u00e2nia \u0219i Bulgaria prin urm\u0103toarele m\u0103suri:\t\t\t<\/h3>\n\t\t        \t\t        \t<\/div>\n<\/div>[vc_empty_space height=&#8221;20px&#8221;]<div class=\"mkdf-icon-list-holder \" >\n\t<div class=\"mkdf-il-icon-holder\">\n\t\t<span aria-hidden=\"true\" class=\"mkdf-icon-font-elegant icon_check \" style=\"color: #1e73be;font-size: 18px\"><\/span>\t<\/div>\n\t<p class=\"mkdf-il-text\" style=\"font-size: 16px;padding-left: 14px\">\u00cenfiin\u021barea de centre de interven\u021bie \u00een caz de urgen\u021b\u0103 (ERC) \u00een Rom\u00e2nia (Turnu M\u0103gurele) \u0219i Bulgaria (Ruse \u0219i Lom);<\/p>\n<\/div>[vc_empty_space height=&#8221;20px&#8221;]<div class=\"mkdf-icon-list-holder \" >\n\t<div class=\"mkdf-il-icon-holder\">\n\t\t<span aria-hidden=\"true\" class=\"mkdf-icon-font-elegant icon_check \" style=\"color: #1e73be;font-size: 18px\"><\/span>\t<\/div>\n\t<p class=\"mkdf-il-text\" style=\"font-size: 16px;padding-left: 14px\">Furnizarea \u0219i integrarea unui sistem comun de informa\u021bii geografice pentru interven\u021bii de urgen\u021b\u0103;<\/p>\n<\/div>[vc_empty_space height=&#8221;20px&#8221;]<div class=\"mkdf-icon-list-holder \" >\n\t<div class=\"mkdf-il-icon-holder\">\n\t\t<span aria-hidden=\"true\" class=\"mkdf-icon-font-elegant icon_check \" style=\"color: #1e73be;font-size: 18px\"><\/span>\t<\/div>\n\t<p class=\"mkdf-il-text\" style=\"font-size: 16px;padding-left: 14px\">Furnizarea a dou\u0103 ambarca\u021biuni specializate f\u0103r\u0103 autopropulsie (barje) care transport\u0103 echipamente de interven\u021bie de urgen\u021b\u0103, care vor fi situate \u00een porturile Ruse \u0219i Lom, pentru Agen\u021bia Executiv\u0103 \u201eAdministra\u021bia Maritim\u0103\u201d;<\/p>\n<\/div>[vc_empty_space height=&#8221;20px&#8221;]<div class=\"mkdf-icon-list-holder \" >\n\t<div class=\"mkdf-il-icon-holder\">\n\t\t<span aria-hidden=\"true\" class=\"mkdf-icon-font-elegant icon_check \" style=\"color: #1e73be;font-size: 18px\"><\/span>\t<\/div>\n\t<p class=\"mkdf-il-text\" style=\"font-size: 16px;padding-left: 14px\">Furnizarea de ambarca\u021biuni autopropulsate multifunc\u021bionale de mare viteza \u0219icare vor transporta echipamente de prim ajutor, pentru Autoritatea Naval\u0103 Rom\u00e2n\u0103;<\/p>\n<\/div>[vc_empty_space height=&#8221;20px&#8221;]<div class=\"mkdf-icon-list-holder \" >\n\t<div class=\"mkdf-il-icon-holder\">\n\t\t<span aria-hidden=\"true\" class=\"mkdf-icon-font-elegant icon_check \" style=\"color: #1e73be;font-size: 18px\"><\/span>\t<\/div>\n\t<p class=\"mkdf-il-text\" style=\"font-size: 16px;padding-left: 14px\"><\/p>\n<\/div>[vc_empty_space height=&#8221;60px&#8221;]<div class=\"mkdf-section-title-holder    mkdf-s-center\" >\n\t<div class=\"mkdf-st-inner\">\n\t\t\t\t\t<h5 class=\"mkdf-st-title\" >\n\t\t\t\tRezultatele a\u0219teptate ale proiectului sunt:\t\t\t<\/h5>\n\t\t\t\t        \t\t        \t<\/div>\n<\/div>[vc_empty_space height=&#8221;20px&#8221;]<div class=\"mkdf-icon-list-holder \" >\n\t<div class=\"mkdf-il-icon-holder\">\n\t\t<span aria-hidden=\"true\" class=\"mkdf-icon-font-elegant icon_check \" style=\"color: #1e73be;font-size: 18px\"><\/span>\t<\/div>\n\t<p class=\"mkdf-il-text\" style=\"font-size: 16px;padding-left: 14px\">Ac\u021biuni mai coordonate ale celor dou\u0103 institu\u021bii<\/p>\n<\/div>[vc_empty_space height=&#8221;20px&#8221;]<div class=\"mkdf-icon-list-holder \" >\n\t<div class=\"mkdf-il-icon-holder\">\n\t\t<span aria-hidden=\"true\" class=\"mkdf-icon-font-elegant icon_check \" style=\"color: #1e73be;font-size: 18px\"><\/span>\t<\/div>\n\t<p class=\"mkdf-il-text\" style=\"font-size: 16px;padding-left: 14px\">Dezvoltare instrument de sprijin IT pentru schimbul de informa\u021bii \u0219i coordonare, care va \u00eembun\u0103t\u0103\u021bi \u00een continuare comunicarea \u0219i sincronizarea activit\u0103\u021bilor de interven\u021bie de urgen\u021b\u0103 pe Dun\u0103re<\/p>\n<\/div>[vc_empty_space height=&#8221;20px&#8221;]<div class=\"mkdf-icon-list-holder \" >\n\t<div class=\"mkdf-il-icon-holder\">\n\t\t<span aria-hidden=\"true\" class=\"mkdf-icon-font-elegant icon_check \" style=\"color: #1e73be;font-size: 18px\"><\/span>\t<\/div>\n\t<p class=\"mkdf-il-text\" style=\"font-size: 16px;padding-left: 14px\">Capacitate \u00eembun\u0103t\u0103\u021bit\u0103 a echipelor de salvare, timp redus de reac\u021bie \u00een caz de calamitate \u0219i echipamente mai adecvate \u0219i mai actualizate pentru misiuni de salvare mai eficiente pe Dun\u0103re.<\/p>\n<\/div>\n<\/div>\n<p>[\/vc_column][\/vc_row]<\/p>\n","protected":false},"excerpt":{"rendered":"<p>[vc_row row_content_width=&#8221;grid&#8221; parallax_background_image=&#8221;4366&#8243;][vc_column][\/vc_column][\/vc_row][vc_row row_content_width=&#8221;grid&#8221; content_text_aligment=&#8221;center&#8221; css=&#8221;.vc_custom_1553780325311{padding-top: 110px !important;padding-bottom: 54px !important;}&#8221;][vc_column width=&#8221;5\/6&#8243; offset=&#8221;vc_col-lg-offset-1 vc_col-lg-10 vc_col-md-offset-2 vc_col-md-8 vc_col-sm-offset-1 vc_col-xs-12&#8243;][\/vc_column][\/vc_row][vc_row row_content_width=&#8221;grid&#8221; disable_background_image=&#8221;&#8221; content_text_aligment=&#8221;center&#8221; simple_background_image=&#8221;122&#8243; css=&#8221;.vc_custom_1579772876462{padding-top: 80px !important;padding-bottom: 80px !important;}&#8221;][vc_column offset=&#8221;vc_col-lg-offset-2 vc_col-lg-8 vc_col-md-offset-1 vc_col-md-10 vc_col-sm-offset-0 vc_col-xs-12&#8243;][\/vc_column][\/vc_row][vc_row row_content_width=&#8221;grid&#8221; css=&#8221;.vc_custom_1579771703549{padding-top: 60px !important;padding-bottom: 20px !important;}&#8221; simple_background_color=&#8221;#f7f7f7&#8243;][vc_column width=&#8221;1\/3&#8243; offset=&#8221;vc_col-lg-offset-0 vc_col-lg-4 vc_col-md-offset-0 vc_col-md-6 vc_col-sm-offset-0 vc_col-xs-12&#8243;][vc_empty_space height=&#8221;50px&#8221;][\/vc_column][vc_column width=&#8221;1\/3&#8243; offset=&#8221;vc_col-lg-offset-0 vc_col-lg-4 vc_col-md-offset-0 vc_col-md-6 vc_col-sm-offset-0 vc_col-xs-12&#8243;][vc_empty_space height=&#8221;50px&#8221;][\/vc_column][vc_column width=&#8221;1\/3&#8243; offset=&#8221;vc_col-lg-offset-0 vc_col-lg-4 vc_col-md-offset-0 vc_col-md-6 vc_col-sm-offset-0 vc_col-xs-12&#8243;][vc_empty_space height=&#8221;50px&#8221;][\/vc_column][\/vc_row][vc_row row_content_width=&#8221;grid&#8221; css=&#8221;.vc_custom_1579772384631{padding-top: 70px !important;padding-bottom: 30px !important;}&#8221;][vc_column width=&#8221;1\/2&#8243; offset=&#8221;vc_col-lg-offset-0 vc_col-md-offset-0 vc_col-sm-offset-0 vc_col-xs-12&#8243;][\/vc_column][vc_column width=&#8221;1\/2&#8243;][\/vc_column][\/vc_row][vc_row row_content_width=&#8221;grid&#8221; css=&#8221;.vc_custom_1579772840304{padding-bottom: 80px !important;}&#8221;][vc_column width=&#8221;1\/2&#8243; offset=&#8221;vc_col-lg-6&#8243;][vc_empty_space height=&#8221;60px&#8221;][\/vc_column][vc_column width=&#8221;1\/2&#8243; offset=&#8221;vc_col-lg-6&#8243;][vc_empty_space [&hellip;]<\/p>\n","protected":false},"author":1,"featured_media":0,"parent":0,"menu_order":0,"comment_status":"closed","ping_status":"closed","template":"full-width.php","meta":{"footnotes":""},"_links":{"self":[{"href":"https:\/\/danubesafety.net\/ro\/wp-json\/wp\/v2\/pages\/5247"}],"collection":[{"href":"https:\/\/danubesafety.net\/ro\/wp-json\/wp\/v2\/pages"}],"about":[{"href":"https:\/\/danubesafety.net\/ro\/wp-json\/wp\/v2\/types\/page"}],"author":[{"embeddable":true,"href":"https:\/\/danubesafety.net\/ro\/wp-json\/wp\/v2\/users\/1"}],"replies":[{"embeddable":true,"href":"https:\/\/danubesafety.net\/ro\/wp-json\/wp\/v2\/comments?post=5247"}],"version-history":[{"count":7,"href":"https:\/\/danubesafety.net\/ro\/wp-json\/wp\/v2\/pages\/5247\/revisions"}],"predecessor-version":[{"id":5890,"href":"https:\/\/danubesafety.net\/ro\/wp-json\/wp\/v2\/pages\/5247\/revisions\/5890"}],"wp:attachment":[{"href":"https:\/\/danubesafety.net\/ro\/wp-json\/wp\/v2\/media?parent=5247"}],"curies":[{"name":"wp","href":"https:\/\/api.w.org\/{rel}","templated":true}]}}