{"id":5250,"date":"2020-03-04T16:53:25","date_gmt":"2020-03-04T14:53:25","guid":{"rendered":"https:\/\/danubesafety.net\/?page_id=5250"},"modified":"2021-04-21T16:33:07","modified_gmt":"2021-04-21T13:33:07","slug":"contacte","status":"publish","type":"page","link":"https:\/\/danubesafety.net\/ro\/contacte\/","title":{"rendered":"Contacte"},"content":{"rendered":"<p>[vc_row row_content_width=&#8221;grid&#8221; css=&#8221;.vc_custom_1579777117901{padding-top: 40px !important;padding-bottom: 40px !important;}&#8221;][vc_column offset=&#8221;vc_col-md-offset-0 vc_col-sm-offset-0&#8243;]<div class=\"mkdf-section-title-holder   mkdf-st-separator mkdf-s-left\" style=\"text-align: left\">\n\t<div class=\"mkdf-st-inner\">\n\t\t\t\t\t<h3 class=\"mkdf-st-title\" style=\"padding-bottom: 13px\">\n\t\t\t\tPartener Principal\t\t\t<\/h3>\n\t\t\t\t\t\t\t<p class=\"mkdf-st-text\" style=\"font-size: 24px;margin-top: 36px\">\n\t\t\t\tAgen\u021bia Executiva \u201eAdministra\u021bia Maritim\u0103\u201d\t\t\t<\/p>\n\t\t        \t\t        \t<\/div>\n<\/div>[\/vc_column][\/vc_row][vc_row row_content_width=&#8221;grid&#8221; css=&#8221;.vc_custom_1579776967798{padding-top: 40px !important;padding-bottom: 80px !important;}&#8221;][vc_column width=&#8221;1\/4&#8243; offset=&#8221;vc_col-lg-offset-0 vc_col-lg-3 vc_col-md-offset-0 vc_col-sm-offset-0&#8243;]<div class=\"mkdf-section-title-holder    mkdf-s-center\" style=\"text-align: left\">\n\t<div class=\"mkdf-st-inner\">\n\t\t\t\t\t<h4 class=\"mkdf-st-title\" >\n\t\t\t\tManager de proiect\t\t\t<\/h4>\n\t\t\t\t\t\t\t<p class=\"mkdf-st-text\" style=\"margin-top: 20px\">\n\t\t\t\tDl. Rumen Nikolov<br \/>\nDirector general<br \/>\nDG \u201eActivitate de c\u0103utare \u0219i salvare\u201d, Agen\u021biei Executive \u201eAdministra\u021bia Maritim\u0103\u201d\t\t\t<\/p>\n\t\t        \t\t\t\t\t<div class=\"mkdf-st-button\"><a itemprop=\"url\" href=\"mailto:pkirov@marad.bg\" target=\"_self\" style=\"color: #1e73be;margin: 5px 0 0\" class=\"mkdf-btn mkdf-btn-medium mkdf-btn-simple \"  >    <span class=\"mkdf-btn-text\">rumen.nikolov@marad.bg<\/span>    <\/a><\/div>\n\t\t        \t<\/div>\n<\/div>[\/vc_column][vc_column width=&#8221;1\/4&#8243; offset=&#8221;vc_col-lg-offset-0 vc_col-lg-3 vc_col-md-offset-0 vc_col-sm-offset-0&#8243;]<div class=\"mkdf-section-title-holder    mkdf-s-center\" style=\"text-align: left\">\n\t<div class=\"mkdf-st-inner\">\n\t\t\t\t\t<h4 class=\"mkdf-st-title\" >\n\t\t\t\tCoordonator proiect\t\t\t<\/h4>\n\t\t\t\t\t\t\t<p class=\"mkdf-st-text\" style=\"margin-top: 20px\">\n\t\t\t\tDna. Krasiyana Nikolaeva<br \/>\n\u0218ef divizia \u201eProiecte\u201d,<br \/>\nDirec\u021bia General\u0103 \u201eActivit\u0103\u021bi de c\u0103utare \u0219i salvare\u201d, Agen\u021bia Executiva \u201eAdministra\u021bia Maritim\u0103\u201d\t\t\t<\/p>\n\t\t        \t\t\t\t\t<div class=\"mkdf-st-button\"><a itemprop=\"url\" href=\"mailto:krasiyana.nikolaeva@marad.bg\" target=\"_self\" style=\"color: #1e73be;margin: 5px 0 0\" class=\"mkdf-btn mkdf-btn-medium mkdf-btn-simple \"  >    <span class=\"mkdf-btn-text\">krasiyana.nikolaeva@marad.bg<\/span>    <\/a><\/div>\n\t\t        \t<\/div>\n<\/div>[\/vc_column][vc_column width=&#8221;1\/4&#8243;]<div class=\"mkdf-section-title-holder    mkdf-s-center\" style=\"text-align: left\">\n\t<div class=\"mkdf-st-inner\">\n\t\t\t\t\t<h4 class=\"mkdf-st-title\" >\n\t\t\t\tExpert financiar\t\t\t<\/h4>\n\t\t\t\t\t\t\t<p class=\"mkdf-st-text\" style=\"margin-top: 20px\">\n\t\t\t\tDna. Elena Nikolova<br \/>\nExpert \u0218ef\u00eencadrul Direc\u021biei \u201eServicii Administrative, Juridice, Financiare\u0219i Economice\u201d\t\t\t<\/p>\n\t\t        \t\t\t\t\t<div class=\"mkdf-st-button\"><a itemprop=\"url\" href=\"mailto:enikolova@marad.bg\" target=\"_self\" style=\"color: #1e73be;margin: 5px 0 0\" class=\"mkdf-btn mkdf-btn-medium mkdf-btn-simple \"  >    <span class=\"mkdf-btn-text\">enikolova@marad.bg<\/span>    <\/a><\/div>\n\t\t        \t<\/div>\n<\/div>[\/vc_column][vc_column width=&#8221;1\/4&#8243;]<div class=\"mkdf-section-title-holder    mkdf-s-center\" style=\"text-align: left\">\n\t<div class=\"mkdf-st-inner\">\n\t\t\t\t\t<h4 class=\"mkdf-st-title\" >\n\t\t\t\tExpert publicitate\t\t\t<\/h4>\n\t\t\t\t\t\t\t<p class=\"mkdf-st-text\" style=\"margin-top: 20px\">\n\t\t\t\tDna. Silviya Diyanova \u2013 Georgieva<br \/>\nExpert \u0219ef \u00een cadrul diviziei\u201eProiecte\u201d Unit,<br \/>\nDirec\u021bia General\u0103 \u201eActivit\u0103\u021bi de c\u0103utare \u0219i salvare\u201d, Agen\u021bia Executiva \u201eAdministra\u021bia Maritim\u0103\u201d\t\t\t<\/p>\n\t\t        \t\t\t\t\t<div class=\"mkdf-st-button\"><a itemprop=\"url\" href=\"mailto:silviya.diyanova@marad.bg\" target=\"_self\" style=\"color: #1e73be;margin: 5px 0 0\" class=\"mkdf-btn mkdf-btn-medium mkdf-btn-simple \"  >    <span class=\"mkdf-btn-text\">silviya.diyanova@marad.bg<\/span>    <\/a><\/div>\n\t\t        \t<\/div>\n<\/div>[\/vc_column][\/vc_row][vc_row row_content_width=&#8221;grid&#8221; css=&#8221;.vc_custom_1579790565232{padding-bottom: 40px !important;}&#8221;][vc_column width=&#8221;1\/4&#8243; offset=&#8221;vc_col-lg-offset-0 vc_col-lg-3 vc_col-md-offset-0 vc_col-sm-offset-0&#8243;]<div class=\"mkdf-section-title-holder    mkdf-s-center\" style=\"text-align: left\">\n\t<div class=\"mkdf-st-inner\">\n\t\t\t\t\t<h4 class=\"mkdf-st-title\" >\n\t\t\t\tIT expert\t\t\t<\/h4>\n\t\t\t\t\t\t\t<p class=\"mkdf-st-text\" style=\"margin-top: 20px\">\n\t\t\t\tDl. Pavlin Marchevski<br \/>\nExpert \u0219ef\u00een cadrul Direc\u021biei \u201eSupraveghere fluviu - Ruse\u201d,<br \/>\nAgen\u021bia Executiva \u201eAdministra\u021bia Maritim\u0103\u201d\t\t\t<\/p>\n\t\t        \t\t\t\t\t<div class=\"mkdf-st-button\"><a itemprop=\"url\" href=\"mailto:pmarchevski@marad.bg\" target=\"_self\" style=\"color: #1e73be;margin: 5px 0 0\" class=\"mkdf-btn mkdf-btn-medium mkdf-btn-simple \"  >    <span class=\"mkdf-btn-text\">pmarchevski@marad.bg<\/span>    <\/a><\/div>\n\t\t        \t<\/div>\n<\/div>[\/vc_column][vc_column width=&#8221;1\/4&#8243; offset=&#8221;vc_col-lg-offset-0 vc_col-lg-3 vc_col-md-offset-0 vc_col-sm-offset-0&#8243;][\/vc_column][vc_column width=&#8221;1\/4&#8243;][\/vc_column][vc_column width=&#8221;1\/4&#8243;][\/vc_column][\/vc_row][vc_row row_content_width=&#8221;grid&#8221; css=&#8221;.vc_custom_1579790460227{padding-top: 20px !important;padding-bottom: 30px !important;}&#8221;][vc_column]<div class=\"mkdf-separator-holder clearfix  mkdf-separator-center \">\n\t<div class=\"mkdf-separator\" style=\"border-color: #dd3333;border-style: dashed;width: 100%;border-bottom-width: 1px\"><\/div>\n<\/div>\n[\/vc_column][\/vc_row][vc_row row_content_width=&#8221;grid&#8221; css=&#8221;.vc_custom_1579777117901{padding-top: 40px !important;padding-bottom: 40px !important;}&#8221;][vc_column offset=&#8221;vc_col-md-offset-0 vc_col-sm-offset-0&#8243;]<div class=\"mkdf-section-title-holder   mkdf-st-separator mkdf-s-left\" style=\"text-align: left\">\n\t<div class=\"mkdf-st-inner\">\n\t\t\t\t\t<h3 class=\"mkdf-st-title\" style=\"padding-bottom: 13px\">\n\t\t\t\tPartener proiect\t\t\t<\/h3>\n\t\t\t\t\t\t\t<p class=\"mkdf-st-text\" style=\"font-size: 24px;margin-top: 12px\">\n\t\t\t\tAutoritatea Naval\u0103 Rom\u00e2n\u0103\t\t\t<\/p>\n\t\t        \t\t\t\t\t<div class=\"mkdf-st-button\"><a itemprop=\"url\" href=\"#\" target=\"_self\" style=\"color: #1e73be;margin: 12px 0 0\" class=\"mkdf-btn mkdf-btn-medium mkdf-btn-simple \"  >    <span class=\"mkdf-btn-text\">dsn@rna.ro<\/span>    <\/a><\/div>\n\t\t        \t<\/div>\n<\/div>[\/vc_column][\/vc_row][vc_row row_content_width=&#8221;grid&#8221; css=&#8221;.vc_custom_1579776967798{padding-top: 40px !important;padding-bottom: 80px !important;}&#8221;][vc_column width=&#8221;1\/4&#8243; offset=&#8221;vc_col-lg-offset-0 vc_col-lg-3 vc_col-md-offset-0 vc_col-sm-offset-0&#8243;]<div class=\"mkdf-section-title-holder    mkdf-s-center\" style=\"text-align: left\">\n\t<div class=\"mkdf-st-inner\">\n\t\t\t\t\t<h4 class=\"mkdf-st-title\" >\n\t\t\t\tCoordonator Proiect\t\t\t<\/h4>\n\t\t\t\t\t\t\t<p class=\"mkdf-st-text\" style=\"margin-top: 20px\">\n\t\t\t\tDl. Lauren\u021biu Zanfir<br \/>\nDirector Direc\u021biaInspec\u021bii Securitate Naval\u0103\u0219i Personal Navigant<br \/>\nAutoritatea Naval\u0103 Rom\u00e2n\u0103\t\t\t<\/p>\n\t\t        \t\t        \t<\/div>\n<\/div>[\/vc_column][vc_column width=&#8221;1\/4&#8243; offset=&#8221;vc_col-lg-offset-0 vc_col-lg-3 vc_col-md-offset-0 vc_col-sm-offset-0&#8243;]<div class=\"mkdf-section-title-holder    mkdf-s-center\" style=\"text-align: left\">\n\t<div class=\"mkdf-st-inner\">\n\t\t\t\t\t<h4 class=\"mkdf-st-title\" >\n\t\t\t\tManager Financiar\t\t\t<\/h4>\n\t\t\t\t\t\t\t<p class=\"mkdf-st-text\" style=\"margin-top: 20px\">\n\t\t\t\tDna. Gilda Ursache<br \/>\n\u0218ef Birou Contabilitate<br \/>\nAutoritatea Naval\u0103 Rom\u00e2n\u0103\t\t\t<\/p>\n\t\t        \t\t        \t<\/div>\n<\/div>[\/vc_column][vc_column width=&#8221;1\/4&#8243;]<div class=\"mkdf-section-title-holder    mkdf-s-center\" style=\"text-align: left\">\n\t<div class=\"mkdf-st-inner\">\n\t\t\t\t\t<h4 class=\"mkdf-st-title\" >\n\t\t\t\tExpert Tehnic\t\t\t<\/h4>\n\t\t\t\t\t\t\t<p class=\"mkdf-st-text\" style=\"margin-top: 20px\">\n\t\t\t\tDl. Mihai Fr\u0103\u021bil\u0103<br \/>\nExpert Tehnic Fonduri Europene<br \/>\nAutoritatea Naval\u0103 Rom\u00e2n\u0103\t\t\t<\/p>\n\t\t        \t\t        \t<\/div>\n<\/div>[\/vc_column][vc_column width=&#8221;1\/4&#8243;]<div class=\"mkdf-section-title-holder    mkdf-s-center\" style=\"text-align: left\">\n\t<div class=\"mkdf-st-inner\">\n\t\t\t\t\t<h4 class=\"mkdf-st-title\" >\n\t\t\t\tExpert Publicitate\t\t\t<\/h4>\n\t\t\t\t\t\t\t<p class=\"mkdf-st-text\" style=\"margin-top: 20px\">\n\t\t\t\tDna. Lacrima Horne\u021b<br \/>\nInspector - Birou Afaceri Europene \u0219iRela\u021biiInterna\u021bionale<br \/>\nAutoritatea Naval\u0103 Rom\u00e2n\u0103\t\t\t<\/p>\n\t\t        \t\t        \t<\/div>\n<\/div>[\/vc_column][\/vc_row][vc_row row_content_width=&#8221;grid&#8221; css=&#8221;.vc_custom_1579776967798{padding-top: 40px !important;padding-bottom: 80px !important;}&#8221;][vc_column width=&#8221;1\/4&#8243; offset=&#8221;vc_col-lg-offset-0 vc_col-lg-3 vc_col-md-offset-0 vc_col-sm-offset-0&#8243;]<div class=\"mkdf-section-title-holder    mkdf-s-center\" style=\"text-align: left\">\n\t<div class=\"mkdf-st-inner\">\n\t\t\t\t\t<h4 class=\"mkdf-st-title\" >\n\t\t\t\tIT Expert\t\t\t<\/h4>\n\t\t\t\t\t\t\t<p class=\"mkdf-st-text\" style=\"margin-top: 20px\">\n\t\t\t\tDl. Gabriel B\u0103lan<br \/>\n\u0218ef Birou IT<br \/>\nAutoritatea Naval\u0103 Rom\u00e2n\u0103\t\t\t<\/p>\n\t\t        \t\t        \t<\/div>\n<\/div>[\/vc_column][vc_column width=&#8221;1\/4&#8243; offset=&#8221;vc_col-lg-offset-0 vc_col-lg-3 vc_col-md-offset-0 vc_col-sm-offset-0&#8243;][\/vc_column][vc_column width=&#8221;1\/4&#8243;][\/vc_column][vc_column width=&#8221;1\/4&#8243;][\/vc_column][\/vc_row][vc_row disable_element=&#8221;yes&#8221; content_text_aligment=&#8221;center&#8221; simple_background_color=&#8221;#164193&#8243;][vc_column css=&#8221;.vc_custom_1578985434925{padding-right: 0px !important;padding-left: 0px !important;}&#8221; offset=&#8221;vc_col-lg-offset-0 vc_col-md-offset-0 vc_col-sm-offset-0 vc_col-xs-12&#8243;]<div class=\"mkdf-elements-holder-wrapper\"><div class=\"mkdf-elements-holder   mkdf-one-column    mkdf-responsive-mode-768 \" style=\"background-color: #164193\"><div class=\"mkdf-eh-item    \"  data-item-class=\"mkdf-eh-custom-6008\" data-1367-1600=\"50px 10px 50px\" data-1025-1366=\"50px 10px 50px\" data-769-1024=\"50px 10px 50px\" data-681-768=\"50px 10px 50px\" data-680=\"50px 10px 50px\">\n\t<div class=\"mkdf-eh-item-inner\">\n\t\t<div class=\"mkdf-eh-item-content mkdf-eh-custom-6008\" style=\"padding: 50px 10px 50px\">\n\t\t\t<div class=\"mkdf-section-title-holder   mkdf-st-separator mkdf-s-center\" style=\"text-align: center\">\n\t<div class=\"mkdf-st-inner\">\n\t\t\t\t\t<h2 class=\"mkdf-st-title\" style=\"color: #ffffff;padding-bottom: 13px\">\n\t\t\t\t\u0421\u0432\u044a\u0440\u0436\u0435\u0442\u0435 \u0441\u0435 \u0441 \u043d\u0430\u0441!\t\t\t<\/h2>\n\t\t\t\t\t\t\t<p class=\"mkdf-st-text\" style=\"color: #ffffff;margin-top: 36px\">\n\t\t\t\t\u0418\u0437\u043f\u044a\u043b\u043d\u0438\u0442\u0435\u043b\u043d\u0430 \u0430\u0433\u0435\u043d\u0446\u0438\u044f \u201e\u041c\u043e\u0440\u0441\u043a\u0430 \u0430\u0434\u043c\u0438\u043d\u0438\u0441\u0442\u0440\u0430\u0446\u0438\u044f\u201d\t\t\t<\/p>\n\t\t        \t\t        \t<\/div>\n<\/div>[vc_empty_space height=&#8221;33px&#8221;]<div class=\"mkdf-iwt clearfix  mkdf-iwt-icon-left mkdf-iwt-icon-small\">\n\t\t<div class=\"mkdf-iwt-icon\">\n\t\t\t\t\t\t\t\t\t    <span class=\"mkdf-icon-shortcode mkdf-normal   mkdf-icon-small\"  data-hover-color=\"#ffffff\" data-color=\"#ffffff\">\n                    <span aria-hidden=\"true\" class=\"mkdf-icon-font-elegant icon_phone mkdf-icon-element\" style=\"color: #ffffff;font-size:22px\" ><\/span>            <\/span>\n\t\t\t\t\t\t<\/div>\n\t<div class=\"mkdf-iwt-content\" >\n\t\t\t\t\t<h4 class=\"mkdf-iwt-title\" style=\"color: #ffffff;margin-top: 3px\">\n\t\t\t\t\t\t\t\t<span class=\"mkdf-iwt-title-text\">0700 10 145<\/span>\n\t\t\t\t\t\t\t<\/h4>\n\t\t\t\t        \t<\/div>\n<\/div>[vc_column_text]<span style=\"color: #ffffff;\">\u0410\u0434\u0440\u0435\u0441: \u0421\u043e\u0444\u0438\u044f 1000\u2028\u0443\u043b. \u201e\u0414\u044f\u043a\u043e\u043d \u0418\u0433\u043d\u0430\u0442\u0438\u0439\u201d \u2116 9<br \/>\nE-mail: <a style=\"color: #ffffff;\" href=\"mailto:bma@marad.bg\u200b\">bma@marad.bg<\/a><br \/>\n\u0423\u0435\u0431\u0441\u0430\u0439\u0442: <a style=\"color: #ffffff;\" href=\"http:\/\/www.marad.bg\">www.marad.bg<\/a><\/span>[\/vc_column_text]\t\t<\/div>\n\t<\/div>\n<\/div><span class=\"mkdf-elements-holder-inner\" style=\"font-size: 264px;color: #123a89;top: 170px;right: 0px;bottom: 0px;left: 0px\">Contact<\/span><\/div><\/div>[\/vc_column][\/vc_row]<\/p>\n","protected":false},"excerpt":{"rendered":"<p>[vc_row row_content_width=&#8221;grid&#8221; css=&#8221;.vc_custom_1579777117901{padding-top: 40px !important;padding-bottom: 40px !important;}&#8221;][vc_column offset=&#8221;vc_col-md-offset-0 vc_col-sm-offset-0&#8243;][\/vc_column][\/vc_row][vc_row row_content_width=&#8221;grid&#8221; css=&#8221;.vc_custom_1579776967798{padding-top: 40px !important;padding-bottom: 80px !important;}&#8221;][vc_column width=&#8221;1\/4&#8243; offset=&#8221;vc_col-lg-offset-0 vc_col-lg-3 vc_col-md-offset-0 vc_col-sm-offset-0&#8243;][\/vc_column][vc_column width=&#8221;1\/4&#8243; offset=&#8221;vc_col-lg-offset-0 vc_col-lg-3 vc_col-md-offset-0 vc_col-sm-offset-0&#8243;][\/vc_column][vc_column width=&#8221;1\/4&#8243;][\/vc_column][vc_column width=&#8221;1\/4&#8243;][\/vc_column][\/vc_row][vc_row row_content_width=&#8221;grid&#8221; css=&#8221;.vc_custom_1579790565232{padding-bottom: 40px !important;}&#8221;][vc_column width=&#8221;1\/4&#8243; offset=&#8221;vc_col-lg-offset-0 vc_col-lg-3 vc_col-md-offset-0 vc_col-sm-offset-0&#8243;][\/vc_column][vc_column width=&#8221;1\/4&#8243; offset=&#8221;vc_col-lg-offset-0 vc_col-lg-3 vc_col-md-offset-0 vc_col-sm-offset-0&#8243;][\/vc_column][vc_column width=&#8221;1\/4&#8243;][\/vc_column][vc_column width=&#8221;1\/4&#8243;][\/vc_column][\/vc_row][vc_row row_content_width=&#8221;grid&#8221; css=&#8221;.vc_custom_1579790460227{padding-top: 20px !important;padding-bottom: 30px !important;}&#8221;][vc_column][\/vc_column][\/vc_row][vc_row row_content_width=&#8221;grid&#8221; css=&#8221;.vc_custom_1579777117901{padding-top: 40px !important;padding-bottom: 40px !important;}&#8221;][vc_column offset=&#8221;vc_col-md-offset-0 vc_col-sm-offset-0&#8243;][\/vc_column][\/vc_row][vc_row row_content_width=&#8221;grid&#8221; css=&#8221;.vc_custom_1579776967798{padding-top: 40px !important;padding-bottom: 80px !important;}&#8221;][vc_column width=&#8221;1\/4&#8243; offset=&#8221;vc_col-lg-offset-0 vc_col-lg-3 vc_col-md-offset-0 vc_col-sm-offset-0&#8243;][\/vc_column][vc_column width=&#8221;1\/4&#8243; offset=&#8221;vc_col-lg-offset-0 vc_col-lg-3 vc_col-md-offset-0 vc_col-sm-offset-0&#8243;][\/vc_column][vc_column width=&#8221;1\/4&#8243;][\/vc_column][vc_column width=&#8221;1\/4&#8243;][\/vc_column][\/vc_row][vc_row row_content_width=&#8221;grid&#8221; css=&#8221;.vc_custom_1579776967798{padding-top: 40px !important;padding-bottom: 80px !important;}&#8221;][vc_column width=&#8221;1\/4&#8243; offset=&#8221;vc_col-lg-offset-0 vc_col-lg-3 [&hellip;]<\/p>\n","protected":false},"author":1,"featured_media":0,"parent":0,"menu_order":0,"comment_status":"closed","ping_status":"closed","template":"full-width.php","meta":{"footnotes":""},"_links":{"self":[{"href":"https:\/\/danubesafety.net\/ro\/wp-json\/wp\/v2\/pages\/5250"}],"collection":[{"href":"https:\/\/danubesafety.net\/ro\/wp-json\/wp\/v2\/pages"}],"about":[{"href":"https:\/\/danubesafety.net\/ro\/wp-json\/wp\/v2\/types\/page"}],"author":[{"embeddable":true,"href":"https:\/\/danubesafety.net\/ro\/wp-json\/wp\/v2\/users\/1"}],"replies":[{"embeddable":true,"href":"https:\/\/danubesafety.net\/ro\/wp-json\/wp\/v2\/comments?post=5250"}],"version-history":[{"count":6,"href":"https:\/\/danubesafety.net\/ro\/wp-json\/wp\/v2\/pages\/5250\/revisions"}],"predecessor-version":[{"id":5557,"href":"https:\/\/danubesafety.net\/ro\/wp-json\/wp\/v2\/pages\/5250\/revisions\/5557"}],"wp:attachment":[{"href":"https:\/\/danubesafety.net\/ro\/wp-json\/wp\/v2\/media?parent=5250"}],"curies":[{"name":"wp","href":"https:\/\/api.w.org\/{rel}","templated":true}]}}