{"id":5253,"date":"2020-03-04T16:54:17","date_gmt":"2020-03-04T14:54:17","guid":{"rendered":"https:\/\/danubesafety.net\/?page_id=5253"},"modified":"2022-08-24T15:18:56","modified_gmt":"2022-08-24T12:18:56","slug":"evenimente","status":"publish","type":"page","link":"https:\/\/danubesafety.net\/ro\/evenimente\/","title":{"rendered":"Evenimente"},"content":{"rendered":"<p>[vc_row row_content_width=&#8221;grid&#8221; parallax_background_image=&#8221;5307&#8243;][vc_column]<div class=\"mkdf-elements-holder-wrapper\"><div class=\"mkdf-elements-holder   mkdf-one-column    mkdf-responsive-mode-768 \" ><div class=\"mkdf-eh-item    \"  data-item-class=\"mkdf-eh-custom-4340\" data-1367-1600=\"147px 61% 157px 0px\" data-1025-1366=\"119px 54% 132px 0px\" data-769-1024=\"119px 35% 132px 0px\" data-681-768=\"119px 17% 132px 0px\" data-680=\"119px 0% 132px 0px\">\n\t<div class=\"mkdf-eh-item-inner\">\n\t\t<div class=\"mkdf-eh-item-content mkdf-eh-custom-4340\" style=\"padding: 190px 61% 204px 0px\">\n\t\t\t<div class=\"mkdf-section-title-holder  mkdf-st-disable-title-break mkdf-st-separator mkdf-s-left\" >\n\t<div class=\"mkdf-st-inner\">\n\t\t\t\t\t<h1 class=\"mkdf-st-title\" style=\"color: #ffffff\">\n\t\t\t\tEvenimente\t\t\t<\/h1>\n\t\t\t\t        \t\t        \t<\/div>\n<\/div>\t\t<\/div>\n\t<\/div>\n<\/div><\/div><\/div>[\/vc_column][\/vc_row][vc_row row_content_width=&#8221;grid&#8221; css=&#8221;.vc_custom_1619025317831{padding-top: 40px !important;padding-bottom: 53px !important;}&#8221;][vc_column offset=&#8221;vc_col-lg-offset-2 vc_col-lg-8 vc_col-md-offset-0 vc_col-md-12 vc_col-sm-offset-0 vc_col-xs-12&#8243;]<div class=\"mkdf-section-title-holder   mkdf-st-separator mkdf-s-center\" style=\"padding: 0 3%;text-align: center\">\n\t<div class=\"mkdf-st-inner\">\n\t\t\t\t        \t\t        \t<\/div>\n<\/div>[\/vc_column][\/vc_row][vc_row row_content_width=&#8221;grid&#8221; css=&#8221;.vc_custom_1552316030628{padding-bottom: 63px !important;}&#8221;][vc_column]<div class=\"mkdf-blog-list-holder mkdf-grid-list mkdf-bl-standard mkdf-four-columns mkdf-disable-bottom-space mkdf-normal-space mkdf-bl-pag-no-pagination\"  data-type=standard data-number-of-posts=8 data-number-of-columns=four data-space-between-items=normal data-category=evenimente data-orderby=date data-order=ASC data-image-size=full data-title-tag=h5 data-excerpt-length=40 data-post-info-section=yes data-post-info-image=yes data-post-info-author=yes data-post-info-date=yes data-post-info-category=yes data-post-info-comments=no data-post-info-like=no data-post-info-share=no data-pagination-type=no-pagination data-max-num-pages=1 data-next-page=2>\n\t<div class=\"mkdf-bl-wrapper mkdf-outer-space\">\n\t\t<ul class=\"mkdf-blog-list\">\n\t\t\t<li class=\"mkdf-bl-item mkdf-item-space\">\n\t<div class=\"mkdf-bli-inner\">\n\t\t\n\t<div class=\"mkdf-post-image\">\n\t\t\t\t\t<a itemprop=\"url\" href=\"https:\/\/danubesafety.net\/ro\/%d0%be%d1%82%d0%ba%d1%80%d0%b8%d0%b2%d0%b0%d1%89%d0%b0-%d1%81%d1%80%d0%b5%d1%89%d0%b0-%d0%bf%d0%be-%d0%bf%d1%80%d0%be%d0%b5%d0%ba%d1%82-danube-safety-net\/\" title=\"DanubeSafety Net \u2013 Reuniune Initiala\">\n\t\t\t\t\t<img loading=\"lazy\" decoding=\"async\" width=\"1300\" height=\"760\" src=\"https:\/\/danubesafety.net\/wp-content\/uploads\/2019\/03\/\u041e\u0442\u043a\u0440\u0438\u0432\u0430\u0449\u0430-\u0441\u0440\u0435\u0449\u0430-\u043f\u043e-\u043f\u0440\u043e\u0435\u043a\u0442-Danube-Safety-Net-1300x760.png\" class=\"attachment-votestart_mikado_blog_post size-votestart_mikado_blog_post\" alt=\"\" \/>\t\t\t\t\t<\/a>\n\t\t\t\t\t<\/div>\n        <div class=\"mkdf-bli-content\">\n                            <div class=\"mkdf-bli-info\">\n\t                <div class=\"mkdf-post-info-category\">\n    <a href=\"https:\/\/danubesafety.net\/ro\/category\/evenimente\/\" rel=\"category tag\">Evenimente<\/a><\/div>                <\/div>\n            \t\n\t        \n<h5 itemprop=\"name\" class=\"entry-title mkdf-post-title\" >\n            <a itemprop=\"url\" href=\"https:\/\/danubesafety.net\/ro\/%d0%be%d1%82%d0%ba%d1%80%d0%b8%d0%b2%d0%b0%d1%89%d0%b0-%d1%81%d1%80%d0%b5%d1%89%d0%b0-%d0%bf%d0%be-%d0%bf%d1%80%d0%be%d0%b5%d0%ba%d1%82-danube-safety-net\/\" title=\"DanubeSafety Net \u2013 Reuniune Initiala\">\n            DanubeSafety Net \u2013 Reuniune Initiala            <\/a>\n    <\/h5>            <div class=\"mkdf-post-info-author\">\n    <span class=\"mkdf-post-info-author-text\">\n        By    <\/span>\n    <a itemprop=\"author\" class=\"mkdf-post-info-author-link\" href=\"https:\/\/danubesafety.net\/ro\/author\/siteadmin\/\">\n        siteadmin    <\/a>\n<\/div>        <\/div>\n\t<\/div>\n<\/li><li class=\"mkdf-bl-item mkdf-item-space\">\n\t<div class=\"mkdf-bli-inner\">\n\t\t\n\t<div class=\"mkdf-post-image\">\n\t\t\t\t\t<a itemprop=\"url\" href=\"https:\/\/danubesafety.net\/ro\/giurgiu-romania\/\" title=\"Reuniunea de exper\u021bi \u0219i p\u0103r\u021bi interesate \u00een domeniul siguran\u021bei transportului pe Dun\u0103re organizat\u0103 \u00een cadrul proiectului DanubeSafety Net, Giurgiu, Romania\">\n\t\t\t\t\t<img loading=\"lazy\" decoding=\"async\" width=\"1300\" height=\"760\" src=\"https:\/\/danubesafety.net\/wp-content\/uploads\/2020\/03\/20191113_101608-1300x760.jpg\" class=\"attachment-votestart_mikado_blog_post size-votestart_mikado_blog_post wp-post-image\" alt=\"\" \/>\t\t\t\t\t<\/a>\n\t\t\t\t\t<\/div>\n        <div class=\"mkdf-bli-content\">\n                            <div class=\"mkdf-bli-info\">\n\t                <div class=\"mkdf-post-info-category\">\n    <a href=\"https:\/\/danubesafety.net\/ro\/category\/evenimente\/\" rel=\"category tag\">Evenimente<\/a><\/div>                <\/div>\n            \t\n\t        \n<h5 itemprop=\"name\" class=\"entry-title mkdf-post-title\" >\n            <a itemprop=\"url\" href=\"https:\/\/danubesafety.net\/ro\/giurgiu-romania\/\" title=\"Reuniunea de exper\u021bi \u0219i p\u0103r\u021bi interesate \u00een domeniul siguran\u021bei transportului pe Dun\u0103re organizat\u0103 \u00een cadrul proiectului DanubeSafety Net, Giurgiu, Romania\">\n            Reuniunea de exper\u021bi \u0219i p\u0103r\u021bi interesate \u00een domeniul siguran\u021bei transportului pe Dun\u0103re organizat\u0103 \u00een cadrul proiectului DanubeSafety Net, Giurgiu, Romania            <\/a>\n    <\/h5>            <div class=\"mkdf-post-info-author\">\n    <span class=\"mkdf-post-info-author-text\">\n        By    <\/span>\n    <a itemprop=\"author\" class=\"mkdf-post-info-author-link\" href=\"https:\/\/danubesafety.net\/ro\/author\/siteadmin\/\">\n        siteadmin    <\/a>\n<\/div>        <\/div>\n\t<\/div>\n<\/li><li class=\"mkdf-bl-item mkdf-item-space\">\n\t<div class=\"mkdf-bli-inner\">\n\t\t\n\t<div class=\"mkdf-post-image\">\n\t\t\t\t\t<a itemprop=\"url\" href=\"https:\/\/danubesafety.net\/ro\/transport-safety-expert-and-stakeholder-meeting-dedicated-to-the-traditions-and-innovations-in-the-search-and-rescue-activities-on-the-danube-river-was-organized-within-the-danube-safety-net-project-i\/\" title=\"Reuniunea exper\u021bilor \u0219i p\u0103r\u021bilor interesate \u00een domeniul siguran\u021bei transporturilor: \u201eTradi\u021bii \u0219i inova\u021bii \u00een activit\u0103\u021bile de c\u0103utare \u0219i salvare pe Dun\u0103re\u201d 08.10.2019, Ruse\">\n\t\t\t\t\t<img loading=\"lazy\" decoding=\"async\" width=\"1300\" height=\"760\" src=\"https:\/\/danubesafety.net\/wp-content\/uploads\/2020\/02\/IMG_20191008_115019-1300x760.jpg\" class=\"attachment-votestart_mikado_blog_post size-votestart_mikado_blog_post wp-post-image\" alt=\"\" \/>\t\t\t\t\t<\/a>\n\t\t\t\t\t<\/div>\n        <div class=\"mkdf-bli-content\">\n                            <div class=\"mkdf-bli-info\">\n\t                <div class=\"mkdf-post-info-category\">\n    <a href=\"https:\/\/danubesafety.net\/ro\/category\/evenimente\/\" rel=\"category tag\">Evenimente<\/a><\/div>                <\/div>\n            \t\n\t        \n<h5 itemprop=\"name\" class=\"entry-title mkdf-post-title\" >\n            <a itemprop=\"url\" href=\"https:\/\/danubesafety.net\/ro\/transport-safety-expert-and-stakeholder-meeting-dedicated-to-the-traditions-and-innovations-in-the-search-and-rescue-activities-on-the-danube-river-was-organized-within-the-danube-safety-net-project-i\/\" title=\"Reuniunea exper\u021bilor \u0219i p\u0103r\u021bilor interesate \u00een domeniul siguran\u021bei transporturilor: \u201eTradi\u021bii \u0219i inova\u021bii \u00een activit\u0103\u021bile de c\u0103utare \u0219i salvare pe Dun\u0103re\u201d 08.10.2019, Ruse\">\n            Reuniunea exper\u021bilor \u0219i p\u0103r\u021bilor interesate \u00een domeniul siguran\u021bei transporturilor: \u201eTradi\u021bii \u0219i inova\u021bii \u00een activit\u0103\u021bile de c\u0103utare \u0219i salvare pe Dun\u0103re\u201d 08.10.2019, Ruse            <\/a>\n    <\/h5>            <div class=\"mkdf-post-info-author\">\n    <span class=\"mkdf-post-info-author-text\">\n        By    <\/span>\n    <a itemprop=\"author\" class=\"mkdf-post-info-author-link\" href=\"https:\/\/danubesafety.net\/ro\/author\/siteadmin\/\">\n        siteadmin    <\/a>\n<\/div>        <\/div>\n\t<\/div>\n<\/li><li class=\"mkdf-bl-item mkdf-item-space\">\n\t<div class=\"mkdf-bli-inner\">\n\t\t\n\t<div class=\"mkdf-post-image\">\n\t\t\t\t\t<a itemprop=\"url\" href=\"https:\/\/danubesafety.net\/ro\/%d0%b5veniment-public-la-mehedinti\/\" title=\"\u0415veniment public la Mehedinti\">\n\t\t\t\t\t<img loading=\"lazy\" decoding=\"async\" width=\"828\" height=\"760\" src=\"https:\/\/danubesafety.net\/wp-content\/uploads\/2024\/02\/296056468_1414217115751742_4548679582198686622_n-1-828x760.jpg\" class=\"attachment-votestart_mikado_blog_post size-votestart_mikado_blog_post wp-post-image\" alt=\"\" \/>\t\t\t\t\t<\/a>\n\t\t\t\t\t<\/div>\n        <div class=\"mkdf-bli-content\">\n                            <div class=\"mkdf-bli-info\">\n\t                <div class=\"mkdf-post-info-category\">\n    <a href=\"https:\/\/danubesafety.net\/ro\/category\/evenimente\/\" rel=\"category tag\">Evenimente<\/a><\/div>                <\/div>\n            \t\n\t        \n<h5 itemprop=\"name\" class=\"entry-title mkdf-post-title\" >\n            <a itemprop=\"url\" href=\"https:\/\/danubesafety.net\/ro\/%d0%b5veniment-public-la-mehedinti\/\" title=\"\u0415veniment public la Mehedinti\">\n            \u0415veniment public la Mehedinti            <\/a>\n    <\/h5>            <div class=\"mkdf-post-info-author\">\n    <span class=\"mkdf-post-info-author-text\">\n        By    <\/span>\n    <a itemprop=\"author\" class=\"mkdf-post-info-author-link\" href=\"https:\/\/danubesafety.net\/ro\/author\/pmarchevski\/\">\n        Pavlin Marchevski    <\/a>\n<\/div>        <\/div>\n\t<\/div>\n<\/li><li class=\"mkdf-bl-item mkdf-item-space\">\n\t<div class=\"mkdf-bli-inner\">\n\t\t\n\t<div class=\"mkdf-post-image\">\n\t\t\t\t\t<a itemprop=\"url\" href=\"https:\/\/danubesafety.net\/ro\/reuniunea-expertilor-si-partilor-interesate-in-domeniul-sigurantei-transporturilor-traditii-si-inovatii-in-activitatile-de-cautare-si-salvare-pe-dunare-08-10-2019-ruse-2\/\" title=\"Agen\u021bia Executiv\u0103 \u201eAdministra\u021bia Maritim\u0103\u201d \u0219i-a completat personalul cu dou\u0103 barje noi\">\n\t\t\t\t\t<img loading=\"lazy\" decoding=\"async\" width=\"1300\" height=\"760\" src=\"https:\/\/danubesafety.net\/wp-content\/uploads\/2022\/05\/DJI_0064-1-1300x760.jpg\" class=\"attachment-votestart_mikado_blog_post size-votestart_mikado_blog_post wp-post-image\" alt=\"\" \/>\t\t\t\t\t<\/a>\n\t\t\t\t\t<\/div>\n        <div class=\"mkdf-bli-content\">\n                            <div class=\"mkdf-bli-info\">\n\t                <div class=\"mkdf-post-info-category\">\n    <a href=\"https:\/\/danubesafety.net\/ro\/category\/evenimente\/\" rel=\"category tag\">Evenimente<\/a> <a href=\"https:\/\/danubesafety.net\/ro\/category\/%d1%81%d1%8a%d0%b1%d0%b8%d1%82%d0%b8%d1%8f-ro\/\" rel=\"category tag\">\u0421\u044a\u0431\u0438\u0442\u0438\u044f<\/a><\/div>                <\/div>\n            \t\n\t        \n<h5 itemprop=\"name\" class=\"entry-title mkdf-post-title\" >\n            <a itemprop=\"url\" href=\"https:\/\/danubesafety.net\/ro\/reuniunea-expertilor-si-partilor-interesate-in-domeniul-sigurantei-transporturilor-traditii-si-inovatii-in-activitatile-de-cautare-si-salvare-pe-dunare-08-10-2019-ruse-2\/\" title=\"Agen\u021bia Executiv\u0103 \u201eAdministra\u021bia Maritim\u0103\u201d \u0219i-a completat personalul cu dou\u0103 barje noi\">\n            Agen\u021bia Executiv\u0103 \u201eAdministra\u021bia Maritim\u0103\u201d \u0219i-a completat personalul cu dou\u0103 barje noi            <\/a>\n    <\/h5>            <div class=\"mkdf-post-info-author\">\n    <span class=\"mkdf-post-info-author-text\">\n        By    <\/span>\n    <a itemprop=\"author\" class=\"mkdf-post-info-author-link\" href=\"https:\/\/danubesafety.net\/ro\/author\/pmarchevski\/\">\n        Pavlin Marchevski    <\/a>\n<\/div>        <\/div>\n\t<\/div>\n<\/li><li class=\"mkdf-bl-item mkdf-item-space\">\n\t<div class=\"mkdf-bli-inner\">\n\t\t\n        <div class=\"mkdf-bli-content\">\n                            <div class=\"mkdf-bli-info\">\n\t                <div class=\"mkdf-post-info-category\">\n    <a href=\"https:\/\/danubesafety.net\/ro\/category\/evenimente\/\" rel=\"category tag\">Evenimente<\/a><\/div>                <\/div>\n            \t\n\t        \n<h5 itemprop=\"name\" class=\"entry-title mkdf-post-title\" >\n            <a itemprop=\"url\" href=\"https:\/\/danubesafety.net\/ro\/participarea-barjei-dsn-r-la-un-training-pe-teren-organizat-de-bulmarket-group%d1%87%d0%b5%d0%bd%d0%b8%d0%b5-%d0%bd%d0%b0-%d1%82%d0%b5%d1%80%d0%b5%d0%bd-%d0%be%d1%80%d0%b3%d0%b0%d0%bd%d0%b8%d0%b7\/\" title=\"Participarea barjei DSN-R la un training pe teren organizat de &#8222;BULMARKET GROUP&#8221;\">\n            Participarea barjei DSN-R la un training pe teren organizat de &#8222;BULMARKET GROUP&#8221;            <\/a>\n    <\/h5>            <div class=\"mkdf-post-info-author\">\n    <span class=\"mkdf-post-info-author-text\">\n        By    <\/span>\n    <a itemprop=\"author\" class=\"mkdf-post-info-author-link\" href=\"https:\/\/danubesafety.net\/ro\/author\/pmarchevski\/\">\n        Pavlin Marchevski    <\/a>\n<\/div>        <\/div>\n\t<\/div>\n<\/li>\t\t<\/ul>\n\t<\/div>\n\t<\/div>[\/vc_column][\/vc_row][vc_row disable_element=&#8221;yes&#8221; content_text_aligment=&#8221;center&#8221; simple_background_color=&#8221;#002aa7&#8243;][vc_column css=&#8221;.vc_custom_1578944019523{padding-right: 0px !important;padding-left: 0px !important;}&#8221; offset=&#8221;vc_col-lg-offset-0 vc_col-lg-12 vc_col-md-offset-0 vc_col-md-6 vc_col-sm-offset-0 vc_col-xs-12&#8243;]<div class=\"mkdf-elements-holder-wrapper\"><div class=\"mkdf-elements-holder   mkdf-one-column    mkdf-responsive-mode-768 \" style=\"background-color: #164193\"><div class=\"mkdf-eh-item    \"  data-item-class=\"mkdf-eh-custom-2299\">\n\t<div class=\"mkdf-eh-item-inner\">\n\t\t<div class=\"mkdf-eh-item-content mkdf-eh-custom-2299\" style=\"padding: 97px 10px 119px\">\n\t\t\t<div class=\"mkdf-section-title-holder   mkdf-st-separator mkdf-s-center\" style=\"text-align: center\">\n\t<div class=\"mkdf-st-inner\">\n\t\t\t\t\t<h2 class=\"mkdf-st-title\" style=\"color: #ffffff\">\n\t\t\t\t\u0421\u0432\u044a\u0440\u0436\u0435\u0442\u0435 \u0441\u0435 \u0441 \u043d\u0430\u0441!\t\t\t<\/h2>\n\t\t\t\t\t\t\t<p class=\"mkdf-st-text\" style=\"color: #ffffff\">\n\t\t\t\t\u041d\u0438\u0435 \u0449\u0435 \u0432\u0438 \u0434\u0430\u0434\u0435\u043c \u0438\u043d\u0444\u043e\u0440\u043c\u0430\u0446\u0438\u044f\u0442\u0430 \u043e\u0442 \u043a\u043e\u044f\u0442\u043e \u0441\u0435 \u0438\u043d\u0442\u0435\u0440\u0435\u0441\u0443\u0432\u0430\u0442\u0435.\t\t\t<\/p>\n\t\t        \t\t        \t<\/div>\n<\/div>[vc_empty_space height=&#8221;33px&#8221;]<div class=\"mkdf-iwt clearfix  mkdf-iwt-icon-left mkdf-iwt-icon-small\">\n\t\t<div class=\"mkdf-iwt-icon\">\n\t\t\t\t\t\t\t\t\t    <span class=\"mkdf-icon-shortcode mkdf-normal   mkdf-icon-small\"  data-hover-color=\"#ffffff\" data-color=\"#ffffff\">\n                    <span aria-hidden=\"true\" class=\"mkdf-icon-font-elegant icon_phone mkdf-icon-element\" style=\"color: #ffffff;font-size:22px\" ><\/span>            <\/span>\n\t\t\t\t\t\t<\/div>\n\t<div class=\"mkdf-iwt-content\" >\n\t\t\t\t\t<h4 class=\"mkdf-iwt-title\" style=\"color: #ffffff;margin-top: 3px\">\n\t\t\t\t\t\t\t\t<span class=\"mkdf-iwt-title-text\">+359 000 000 000<\/span>\n\t\t\t\t\t\t\t<\/h4>\n\t\t\t\t        \t<\/div>\n<\/div>[vc_column_text]<span style=\"color: #ffffff;\">Call Us For Free Consultation<\/span>[\/vc_column_text]\t\t<\/div>\n\t<\/div>\n<\/div><span class=\"mkdf-elements-holder-inner\" style=\"font-size: 264px;color: #123a89;top: 220px;right: 0px;bottom: 0px;left: 0px\">Events<\/span><\/div><\/div>[\/vc_column][\/vc_row]<\/p>\n","protected":false},"excerpt":{"rendered":"<p>[vc_row row_content_width=&#8221;grid&#8221; parallax_background_image=&#8221;5307&#8243;][vc_column][\/vc_column][\/vc_row][vc_row row_content_width=&#8221;grid&#8221; css=&#8221;.vc_custom_1619025317831{padding-top: 40px !important;padding-bottom: 53px !important;}&#8221;][vc_column offset=&#8221;vc_col-lg-offset-2 vc_col-lg-8 vc_col-md-offset-0 vc_col-md-12 vc_col-sm-offset-0 vc_col-xs-12&#8243;][\/vc_column][\/vc_row][vc_row row_content_width=&#8221;grid&#8221; css=&#8221;.vc_custom_1552316030628{padding-bottom: 63px !important;}&#8221;][vc_column][\/vc_column][\/vc_row][vc_row disable_element=&#8221;yes&#8221; content_text_aligment=&#8221;center&#8221; simple_background_color=&#8221;#002aa7&#8243;][vc_column css=&#8221;.vc_custom_1578944019523{padding-right: 0px !important;padding-left: 0px !important;}&#8221; offset=&#8221;vc_col-lg-offset-0 vc_col-lg-12 vc_col-md-offset-0 vc_col-md-6 vc_col-sm-offset-0 vc_col-xs-12&#8243;][\/vc_column][\/vc_row]<\/p>\n","protected":false},"author":1,"featured_media":0,"parent":0,"menu_order":0,"comment_status":"closed","ping_status":"closed","template":"full-width.php","meta":{"footnotes":""},"_links":{"self":[{"href":"https:\/\/danubesafety.net\/ro\/wp-json\/wp\/v2\/pages\/5253"}],"collection":[{"href":"https:\/\/danubesafety.net\/ro\/wp-json\/wp\/v2\/pages"}],"about":[{"href":"https:\/\/danubesafety.net\/ro\/wp-json\/wp\/v2\/types\/page"}],"author":[{"embeddable":true,"href":"https:\/\/danubesafety.net\/ro\/wp-json\/wp\/v2\/users\/1"}],"replies":[{"embeddable":true,"href":"https:\/\/danubesafety.net\/ro\/wp-json\/wp\/v2\/comments?post=5253"}],"version-history":[{"count":18,"href":"https:\/\/danubesafety.net\/ro\/wp-json\/wp\/v2\/pages\/5253\/revisions"}],"predecessor-version":[{"id":6103,"href":"https:\/\/danubesafety.net\/ro\/wp-json\/wp\/v2\/pages\/5253\/revisions\/6103"}],"wp:attachment":[{"href":"https:\/\/danubesafety.net\/ro\/wp-json\/wp\/v2\/media?parent=5253"}],"curies":[{"name":"wp","href":"https:\/\/api.w.org\/{rel}","templated":true}]}}