{"id":5256,"date":"2020-03-04T16:55:00","date_gmt":"2020-03-04T14:55:00","guid":{"rendered":"https:\/\/danubesafety.net\/?page_id=5256"},"modified":"2022-11-04T16:13:16","modified_gmt":"2022-11-04T14:13:16","slug":"posturi","status":"publish","type":"page","link":"https:\/\/danubesafety.net\/ro\/posturi\/","title":{"rendered":"Publica\u0163ii"},"content":{"rendered":"<p>[vc_row row_content_width=&#8221;grid&#8221; css=&#8221;.vc_custom_1584005985569{padding-top: 60px !important;padding-bottom: 30px !important;}&#8221;][vc_column]<div class=\"mkdf-blog-list-holder mkdf-grid-list mkdf-bl-standard mkdf-five-columns mkdf-disable-bottom-space mkdf-normal-space mkdf-bl-pag-no-pagination\"  data-type=standard data-number-of-posts=20 data-number-of-columns=five data-space-between-items=normal data-category=publicatii data-orderby=date data-order=ASC data-image-size=full data-title-tag=h5 data-excerpt-length=40 data-post-info-section=yes data-post-info-image=yes data-post-info-author=yes data-post-info-date=yes data-post-info-category=yes data-post-info-comments=no data-post-info-like=no data-post-info-share=no data-pagination-type=no-pagination data-max-num-pages=1 data-next-page=2>\n\t<div class=\"mkdf-bl-wrapper mkdf-outer-space\">\n\t\t<ul class=\"mkdf-blog-list\">\n\t\t\t<li class=\"mkdf-bl-item mkdf-item-space\">\n\t<div class=\"mkdf-bli-inner\">\n\t\t\n\t<div class=\"mkdf-post-image\">\n\t\t\t\t\t<a itemprop=\"url\" href=\"https:\/\/danubesafety.net\/ro\/utah-senators-aides-have-been-finished-3\/\" title=\"Reuniunea interguvernamentala romano-bulgara \u2013 03.10.2017, Varna, Bulgaria\">\n\t\t\t\t\t<img loading=\"lazy\" decoding=\"async\" width=\"1300\" height=\"760\" src=\"https:\/\/danubesafety.net\/wp-content\/uploads\/2018\/09\/1.-\u0421\u044a\u0432\u043c\u0435\u0441\u0442\u043d\u043e-\u0437\u0430\u0441\u0435\u0434\u0430\u043d\u0438\u0435-1300x760.jpeg\" class=\"attachment-votestart_mikado_blog_post size-votestart_mikado_blog_post wp-post-image\" alt=\"\" \/>\t\t\t\t\t<\/a>\n\t\t\t\t\t<\/div>\n        <div class=\"mkdf-bli-content\">\n                            <div class=\"mkdf-bli-info\">\n\t                <div class=\"mkdf-post-info-category\">\n    <a href=\"https:\/\/danubesafety.net\/ro\/category\/publicatii\/\" rel=\"category tag\">Publicatii<\/a><\/div>                <\/div>\n            \t\n\t        \n<h5 itemprop=\"name\" class=\"entry-title mkdf-post-title\" >\n            <a itemprop=\"url\" href=\"https:\/\/danubesafety.net\/ro\/utah-senators-aides-have-been-finished-3\/\" title=\"Reuniunea interguvernamentala romano-bulgara \u2013 03.10.2017, Varna, Bulgaria\">\n            Reuniunea interguvernamentala romano-bulgara \u2013 03.10.2017, Varna, Bulgaria            <\/a>\n    <\/h5>            <div class=\"mkdf-post-info-author\">\n    <span class=\"mkdf-post-info-author-text\">\n        By    <\/span>\n    <a itemprop=\"author\" class=\"mkdf-post-info-author-link\" href=\"https:\/\/danubesafety.net\/ro\/author\/siteadmin\/\">\n        siteadmin    <\/a>\n<\/div>        <\/div>\n\t<\/div>\n<\/li><li class=\"mkdf-bl-item mkdf-item-space\">\n\t<div class=\"mkdf-bli-inner\">\n\t\t\n\t<div class=\"mkdf-post-image\">\n\t\t\t\t\t<a itemprop=\"url\" href=\"https:\/\/danubesafety.net\/ro\/reuniunea-expertilor-si-partilor-interesate-in-domeniul-sigurantei-transporturilor-traditii-si-inovatii-in-activitatile-de-cautare-si-salvare-pe-dunare-08-10-2019-ruse\/\" title=\"Reuniunea exper\u021bilor \u0219i p\u0103r\u021bilor interesate \u00een domeniul siguran\u021bei transporturilor: \u201eTradi\u021bii \u0219i inova\u021bii \u00een activit\u0103\u021bile de c\u0103utare \u0219i salvare pe Dun\u0103re\u201d 08.10.2019, Ruse\">\n\t\t\t\t\t<img loading=\"lazy\" decoding=\"async\" width=\"1300\" height=\"760\" src=\"https:\/\/danubesafety.net\/wp-content\/uploads\/2020\/02\/3.-\u0421\u0440\u0435\u0449\u0430-\u043d\u0430-\u0435\u043a\u0441\u043f\u0435\u0440\u0442\u0438\u0442\u0435-1300x760.jpeg\" class=\"attachment-votestart_mikado_blog_post size-votestart_mikado_blog_post wp-post-image\" alt=\"\" \/>\t\t\t\t\t<\/a>\n\t\t\t\t\t<\/div>\n        <div class=\"mkdf-bli-content\">\n                            <div class=\"mkdf-bli-info\">\n\t                <div class=\"mkdf-post-info-category\">\n    <a href=\"https:\/\/danubesafety.net\/ro\/category\/publicatii\/\" rel=\"category tag\">Publicatii<\/a><\/div>                <\/div>\n            \t\n\t        \n<h5 itemprop=\"name\" class=\"entry-title mkdf-post-title\" >\n            <a itemprop=\"url\" href=\"https:\/\/danubesafety.net\/ro\/reuniunea-expertilor-si-partilor-interesate-in-domeniul-sigurantei-transporturilor-traditii-si-inovatii-in-activitatile-de-cautare-si-salvare-pe-dunare-08-10-2019-ruse\/\" title=\"Reuniunea exper\u021bilor \u0219i p\u0103r\u021bilor interesate \u00een domeniul siguran\u021bei transporturilor: \u201eTradi\u021bii \u0219i inova\u021bii \u00een activit\u0103\u021bile de c\u0103utare \u0219i salvare pe Dun\u0103re\u201d 08.10.2019, Ruse\">\n            Reuniunea exper\u021bilor \u0219i p\u0103r\u021bilor interesate \u00een domeniul siguran\u021bei transporturilor: \u201eTradi\u021bii \u0219i inova\u021bii \u00een activit\u0103\u021bile de c\u0103utare \u0219i salvare pe Dun\u0103re\u201d 08.10.2019, Ruse            <\/a>\n    <\/h5>            <div class=\"mkdf-post-info-author\">\n    <span class=\"mkdf-post-info-author-text\">\n        By    <\/span>\n    <a itemprop=\"author\" class=\"mkdf-post-info-author-link\" href=\"https:\/\/danubesafety.net\/ro\/author\/siteadmin\/\">\n        siteadmin    <\/a>\n<\/div>        <\/div>\n\t<\/div>\n<\/li><li class=\"mkdf-bl-item mkdf-item-space\">\n\t<div class=\"mkdf-bli-inner\">\n\t\t\n\t<div class=\"mkdf-post-image\">\n\t\t\t\t\t<a itemprop=\"url\" href=\"https:\/\/danubesafety.net\/ro\/danubesafety-net-kick-off-meeting-24-10-2018-giurgiu-romania\/\" title=\"DanubeSafety Net Kick-Off Meeting 24.10.2018, Giurgiu, Romania\">\n\t\t\t\t\t<img loading=\"lazy\" decoding=\"async\" width=\"1300\" height=\"760\" src=\"https:\/\/danubesafety.net\/wp-content\/uploads\/2020\/02\/2.-\u041e\u0442\u043a\u0440\u0438\u0432\u0430\u0449\u0430-\u0441\u0440\u0435\u0449\u0430-1300x760.jpeg\" class=\"attachment-votestart_mikado_blog_post size-votestart_mikado_blog_post wp-post-image\" alt=\"\" \/>\t\t\t\t\t<\/a>\n\t\t\t\t\t<\/div>\n        <div class=\"mkdf-bli-content\">\n                            <div class=\"mkdf-bli-info\">\n\t                <div class=\"mkdf-post-info-category\">\n    <a href=\"https:\/\/danubesafety.net\/ro\/category\/publicatii\/\" rel=\"category tag\">Publicatii<\/a><\/div>                <\/div>\n            \t\n\t        \n<h5 itemprop=\"name\" class=\"entry-title mkdf-post-title\" >\n            <a itemprop=\"url\" href=\"https:\/\/danubesafety.net\/ro\/danubesafety-net-kick-off-meeting-24-10-2018-giurgiu-romania\/\" title=\"DanubeSafety Net Kick-Off Meeting 24.10.2018, Giurgiu, Romania\">\n            DanubeSafety Net Kick-Off Meeting 24.10.2018, Giurgiu, Romania            <\/a>\n    <\/h5>            <div class=\"mkdf-post-info-author\">\n    <span class=\"mkdf-post-info-author-text\">\n        By    <\/span>\n    <a itemprop=\"author\" class=\"mkdf-post-info-author-link\" href=\"https:\/\/danubesafety.net\/ro\/author\/siteadmin\/\">\n        siteadmin    <\/a>\n<\/div>        <\/div>\n\t<\/div>\n<\/li><li class=\"mkdf-bl-item mkdf-item-space\">\n\t<div class=\"mkdf-bli-inner\">\n\t\t\n\t<div class=\"mkdf-post-image\">\n\t\t\t\t\t<a itemprop=\"url\" href=\"https:\/\/danubesafety.net\/ro\/%d0%bf%d1%80%d0%b5%d1%81%d0%ba%d0%be%d0%bd%d1%84%d0%b5%d1%80%d0%b5%d0%bd%d1%86%d0%b8%d1%8f-%d0%bf%d0%be-%d0%bf%d1%80%d0%be%d0%b5%d0%ba%d1%82-danube-safety-net-24-11-2018-%d0%b3-%d0%ba%d0%be%d0%bd-2\/\" title=\"DanubeSafety Net Conferinta de Presa, 24.11.2018, Constanta, Romania\">\n\t\t\t\t\t<img loading=\"lazy\" decoding=\"async\" width=\"1300\" height=\"760\" src=\"https:\/\/danubesafety.net\/wp-content\/uploads\/2020\/02\/4.-\u041f\u0440\u0435\u0441\u043a\u043e\u043d\u0444\u0435\u0440\u0435\u043d\u0446\u0438\u044f-1300x760.jpeg\" class=\"attachment-votestart_mikado_blog_post size-votestart_mikado_blog_post wp-post-image\" alt=\"\" \/>\t\t\t\t\t<\/a>\n\t\t\t\t\t<\/div>\n        <div class=\"mkdf-bli-content\">\n                            <div class=\"mkdf-bli-info\">\n\t                <div class=\"mkdf-post-info-category\">\n    <a href=\"https:\/\/danubesafety.net\/ro\/category\/publicatii\/\" rel=\"category tag\">Publicatii<\/a><\/div>                <\/div>\n            \t\n\t        \n<h5 itemprop=\"name\" class=\"entry-title mkdf-post-title\" >\n            <a itemprop=\"url\" href=\"https:\/\/danubesafety.net\/ro\/%d0%bf%d1%80%d0%b5%d1%81%d0%ba%d0%be%d0%bd%d1%84%d0%b5%d1%80%d0%b5%d0%bd%d1%86%d0%b8%d1%8f-%d0%bf%d0%be-%d0%bf%d1%80%d0%be%d0%b5%d0%ba%d1%82-danube-safety-net-24-11-2018-%d0%b3-%d0%ba%d0%be%d0%bd-2\/\" title=\"DanubeSafety Net Conferinta de Presa, 24.11.2018, Constanta, Romania\">\n            DanubeSafety Net Conferinta de Presa, 24.11.2018, Constanta, Romania            <\/a>\n    <\/h5>            <div class=\"mkdf-post-info-author\">\n    <span class=\"mkdf-post-info-author-text\">\n        By    <\/span>\n    <a itemprop=\"author\" class=\"mkdf-post-info-author-link\" href=\"https:\/\/danubesafety.net\/ro\/author\/siteadmin\/\">\n        siteadmin    <\/a>\n<\/div>        <\/div>\n\t<\/div>\n<\/li><li class=\"mkdf-bl-item mkdf-item-space\">\n\t<div class=\"mkdf-bli-inner\">\n\t\t\n\t<div class=\"mkdf-post-image\">\n\t\t\t\t\t<a itemprop=\"url\" href=\"https:\/\/danubesafety.net\/ro\/prelungirea-perioadei-de-implementare-a-proiectului-cu-10-luni-2\/\" title=\"Raportul de progres al re\u021belei de siguran\u021b\u0103 a Dun\u0103rii nr. 1\">\n\t\t\t\t\t<img loading=\"lazy\" decoding=\"async\" width=\"1273\" height=\"760\" src=\"https:\/\/danubesafety.net\/wp-content\/uploads\/2021\/10\/PROJECT_DUNABE_SAFETY_NET_LOGO_271118-01-1273x760.jpg\" class=\"attachment-votestart_mikado_blog_post size-votestart_mikado_blog_post wp-post-image\" alt=\"\" \/>\t\t\t\t\t<\/a>\n\t\t\t\t\t<\/div>\n        <div class=\"mkdf-bli-content\">\n                            <div class=\"mkdf-bli-info\">\n\t                <div class=\"mkdf-post-info-category\">\n    <a href=\"https:\/\/danubesafety.net\/ro\/category\/publicatii\/\" rel=\"category tag\">Publicatii<\/a><\/div>                <\/div>\n            \t\n\t        \n<h5 itemprop=\"name\" class=\"entry-title mkdf-post-title\" >\n            <a itemprop=\"url\" href=\"https:\/\/danubesafety.net\/ro\/prelungirea-perioadei-de-implementare-a-proiectului-cu-10-luni-2\/\" title=\"Raportul de progres al re\u021belei de siguran\u021b\u0103 a Dun\u0103rii nr. 1\">\n            Raportul de progres al re\u021belei de siguran\u021b\u0103 a Dun\u0103rii nr. 1            <\/a>\n    <\/h5>            <div class=\"mkdf-post-info-author\">\n    <span class=\"mkdf-post-info-author-text\">\n        By    <\/span>\n    <a itemprop=\"author\" class=\"mkdf-post-info-author-link\" href=\"https:\/\/danubesafety.net\/ro\/author\/pmarchevski\/\">\n        Pavlin Marchevski    <\/a>\n<\/div>        <\/div>\n\t<\/div>\n<\/li><li class=\"mkdf-bl-item mkdf-item-space\">\n\t<div class=\"mkdf-bli-inner\">\n\t\t\n\t<div class=\"mkdf-post-image\">\n\t\t\t\t\t<a itemprop=\"url\" href=\"https:\/\/danubesafety.net\/ro\/raportul-de-progres-al-retelei-de-siguranta-a-dunarii-nr-2\/\" title=\"Raportul de progres al re\u021belei de siguran\u021b\u0103 a Dun\u0103rii nr. 2\">\n\t\t\t\t\t<img loading=\"lazy\" decoding=\"async\" width=\"1273\" height=\"760\" src=\"https:\/\/danubesafety.net\/wp-content\/uploads\/2021\/10\/PROJECT_DUNABE_SAFETY_NET_LOGO_271118-01-1273x760.jpg\" class=\"attachment-votestart_mikado_blog_post size-votestart_mikado_blog_post wp-post-image\" alt=\"\" \/>\t\t\t\t\t<\/a>\n\t\t\t\t\t<\/div>\n        <div class=\"mkdf-bli-content\">\n                            <div class=\"mkdf-bli-info\">\n\t                <div class=\"mkdf-post-info-category\">\n    <a href=\"https:\/\/danubesafety.net\/ro\/category\/publicatii\/\" rel=\"category tag\">Publicatii<\/a><\/div>                <\/div>\n            \t\n\t        \n<h5 itemprop=\"name\" class=\"entry-title mkdf-post-title\" >\n            <a itemprop=\"url\" href=\"https:\/\/danubesafety.net\/ro\/raportul-de-progres-al-retelei-de-siguranta-a-dunarii-nr-2\/\" title=\"Raportul de progres al re\u021belei de siguran\u021b\u0103 a Dun\u0103rii nr. 2\">\n            Raportul de progres al re\u021belei de siguran\u021b\u0103 a Dun\u0103rii nr. 2            <\/a>\n    <\/h5>            <div class=\"mkdf-post-info-author\">\n    <span class=\"mkdf-post-info-author-text\">\n        By    <\/span>\n    <a itemprop=\"author\" class=\"mkdf-post-info-author-link\" href=\"https:\/\/danubesafety.net\/ro\/author\/pmarchevski\/\">\n        Pavlin Marchevski    <\/a>\n<\/div>        <\/div>\n\t<\/div>\n<\/li><li class=\"mkdf-bl-item mkdf-item-space\">\n\t<div class=\"mkdf-bli-inner\">\n\t\t\n\t<div class=\"mkdf-post-image\">\n\t\t\t\t\t<a itemprop=\"url\" href=\"https:\/\/danubesafety.net\/ro\/raportul-de-progres-al-plasei-de-siguranta-a-dunarii-nr-3\/\" title=\"Raportul de progres al plasei de siguran\u021b\u0103 a Dun\u0103rii Nr.3\">\n\t\t\t\t\t<img loading=\"lazy\" decoding=\"async\" width=\"1273\" height=\"760\" src=\"https:\/\/danubesafety.net\/wp-content\/uploads\/2021\/10\/PROJECT_DUNABE_SAFETY_NET_LOGO_271118-01-1273x760.jpg\" class=\"attachment-votestart_mikado_blog_post size-votestart_mikado_blog_post wp-post-image\" alt=\"\" \/>\t\t\t\t\t<\/a>\n\t\t\t\t\t<\/div>\n        <div class=\"mkdf-bli-content\">\n                            <div class=\"mkdf-bli-info\">\n\t                <div class=\"mkdf-post-info-category\">\n    <a href=\"https:\/\/danubesafety.net\/ro\/category\/publicatii\/\" rel=\"category tag\">Publicatii<\/a><\/div>                <\/div>\n            \t\n\t        \n<h5 itemprop=\"name\" class=\"entry-title mkdf-post-title\" >\n            <a itemprop=\"url\" href=\"https:\/\/danubesafety.net\/ro\/raportul-de-progres-al-plasei-de-siguranta-a-dunarii-nr-3\/\" title=\"Raportul de progres al plasei de siguran\u021b\u0103 a Dun\u0103rii Nr.3\">\n            Raportul de progres al plasei de siguran\u021b\u0103 a Dun\u0103rii Nr.3            <\/a>\n    <\/h5>            <div class=\"mkdf-post-info-author\">\n    <span class=\"mkdf-post-info-author-text\">\n        By    <\/span>\n    <a itemprop=\"author\" class=\"mkdf-post-info-author-link\" href=\"https:\/\/danubesafety.net\/ro\/author\/pmarchevski\/\">\n        Pavlin Marchevski    <\/a>\n<\/div>        <\/div>\n\t<\/div>\n<\/li><li class=\"mkdf-bl-item mkdf-item-space\">\n\t<div class=\"mkdf-bli-inner\">\n\t\t\n\t<div class=\"mkdf-post-image\">\n\t\t\t\t\t<a itemprop=\"url\" href=\"https:\/\/danubesafety.net\/ro\/raportul-de-progres-al-plasei-de-siguranta-a-dunarii-nr-4\/\" title=\"Raportul de progres al plasei de siguran\u021b\u0103 a Dun\u0103rii Nr.4\">\n\t\t\t\t\t<img loading=\"lazy\" decoding=\"async\" width=\"1273\" height=\"760\" src=\"https:\/\/danubesafety.net\/wp-content\/uploads\/2021\/10\/PROJECT_DUNABE_SAFETY_NET_LOGO_271118-01-1273x760.jpg\" class=\"attachment-votestart_mikado_blog_post size-votestart_mikado_blog_post wp-post-image\" alt=\"\" \/>\t\t\t\t\t<\/a>\n\t\t\t\t\t<\/div>\n        <div class=\"mkdf-bli-content\">\n                            <div class=\"mkdf-bli-info\">\n\t                <div class=\"mkdf-post-info-category\">\n    <a href=\"https:\/\/danubesafety.net\/ro\/category\/publicatii\/\" rel=\"category tag\">Publicatii<\/a><\/div>                <\/div>\n            \t\n\t        \n<h5 itemprop=\"name\" class=\"entry-title mkdf-post-title\" >\n            <a itemprop=\"url\" href=\"https:\/\/danubesafety.net\/ro\/raportul-de-progres-al-plasei-de-siguranta-a-dunarii-nr-4\/\" title=\"Raportul de progres al plasei de siguran\u021b\u0103 a Dun\u0103rii Nr.4\">\n            Raportul de progres al plasei de siguran\u021b\u0103 a Dun\u0103rii Nr.4            <\/a>\n    <\/h5>            <div class=\"mkdf-post-info-author\">\n    <span class=\"mkdf-post-info-author-text\">\n        By    <\/span>\n    <a itemprop=\"author\" class=\"mkdf-post-info-author-link\" href=\"https:\/\/danubesafety.net\/ro\/author\/pmarchevski\/\">\n        Pavlin Marchevski    <\/a>\n<\/div>        <\/div>\n\t<\/div>\n<\/li><li class=\"mkdf-bl-item mkdf-item-space\">\n\t<div class=\"mkdf-bli-inner\">\n\t\t\n\t<div class=\"mkdf-post-image\">\n\t\t\t\t\t<a itemprop=\"url\" href=\"https:\/\/danubesafety.net\/ro\/raportul-de-progres-al-plasei-de-siguranta-a-dunarii-%e2%84%965\/\" title=\"Raportul de progres al plasei de siguran\u021b\u0103 a Dun\u0103rii \u21165\">\n\t\t\t\t\t<img loading=\"lazy\" decoding=\"async\" width=\"1273\" height=\"760\" src=\"https:\/\/danubesafety.net\/wp-content\/uploads\/2021\/10\/PROJECT_DUNABE_SAFETY_NET_LOGO_271118-01-1273x760.jpg\" class=\"attachment-votestart_mikado_blog_post size-votestart_mikado_blog_post wp-post-image\" alt=\"\" \/>\t\t\t\t\t<\/a>\n\t\t\t\t\t<\/div>\n        <div class=\"mkdf-bli-content\">\n                            <div class=\"mkdf-bli-info\">\n\t                <div class=\"mkdf-post-info-category\">\n    <a href=\"https:\/\/danubesafety.net\/ro\/category\/publicatii\/\" rel=\"category tag\">Publicatii<\/a><\/div>                <\/div>\n            \t\n\t        \n<h5 itemprop=\"name\" class=\"entry-title mkdf-post-title\" >\n            <a itemprop=\"url\" href=\"https:\/\/danubesafety.net\/ro\/raportul-de-progres-al-plasei-de-siguranta-a-dunarii-%e2%84%965\/\" title=\"Raportul de progres al plasei de siguran\u021b\u0103 a Dun\u0103rii \u21165\">\n            Raportul de progres al plasei de siguran\u021b\u0103 a Dun\u0103rii \u21165            <\/a>\n    <\/h5>            <div class=\"mkdf-post-info-author\">\n    <span class=\"mkdf-post-info-author-text\">\n        By    <\/span>\n    <a itemprop=\"author\" class=\"mkdf-post-info-author-link\" href=\"https:\/\/danubesafety.net\/ro\/author\/pmarchevski\/\">\n        Pavlin Marchevski    <\/a>\n<\/div>        <\/div>\n\t<\/div>\n<\/li><li class=\"mkdf-bl-item mkdf-item-space\">\n\t<div class=\"mkdf-bli-inner\">\n\t\t\n\t<div class=\"mkdf-post-image\">\n\t\t\t\t\t<a itemprop=\"url\" href=\"https:\/\/danubesafety.net\/ro\/raportul-de-progres-al-plasei-de-siguranta-a-dunarii-%e2%84%965-2\/\" title=\"Raportul de progres al plasei de siguran\u021b\u0103 a Dun\u0103rii \u21166\">\n\t\t\t\t\t<img loading=\"lazy\" decoding=\"async\" width=\"1273\" height=\"760\" src=\"https:\/\/danubesafety.net\/wp-content\/uploads\/2021\/10\/PROJECT_DUNABE_SAFETY_NET_LOGO_271118-01-1273x760.jpg\" class=\"attachment-votestart_mikado_blog_post size-votestart_mikado_blog_post wp-post-image\" alt=\"\" \/>\t\t\t\t\t<\/a>\n\t\t\t\t\t<\/div>\n        <div class=\"mkdf-bli-content\">\n                            <div class=\"mkdf-bli-info\">\n\t                <div class=\"mkdf-post-info-category\">\n    <a href=\"https:\/\/danubesafety.net\/ro\/category\/publicatii\/\" rel=\"category tag\">Publicatii<\/a><\/div>                <\/div>\n            \t\n\t        \n<h5 itemprop=\"name\" class=\"entry-title mkdf-post-title\" >\n            <a itemprop=\"url\" href=\"https:\/\/danubesafety.net\/ro\/raportul-de-progres-al-plasei-de-siguranta-a-dunarii-%e2%84%965-2\/\" title=\"Raportul de progres al plasei de siguran\u021b\u0103 a Dun\u0103rii \u21166\">\n            Raportul de progres al plasei de siguran\u021b\u0103 a Dun\u0103rii \u21166            <\/a>\n    <\/h5>            <div class=\"mkdf-post-info-author\">\n    <span class=\"mkdf-post-info-author-text\">\n        By    <\/span>\n    <a itemprop=\"author\" class=\"mkdf-post-info-author-link\" href=\"https:\/\/danubesafety.net\/ro\/author\/pmarchevski\/\">\n        Pavlin Marchevski    <\/a>\n<\/div>        <\/div>\n\t<\/div>\n<\/li><li class=\"mkdf-bl-item mkdf-item-space\">\n\t<div class=\"mkdf-bli-inner\">\n\t\t\n\t<div class=\"mkdf-post-image\">\n\t\t\t\t\t<a itemprop=\"url\" href=\"https:\/\/danubesafety.net\/ro\/proiectul-danube-safety-net-si-contributia-acestuia-la-imbunatatirea-sigurantei-navigatiei-in-tronsonul-bulgaro-roman-al-fluviului-dunarea\/\" title=\"Proiectul Danube Safety Net \u0219i contribu\u021bia acestuia la \u00eembun\u0103t\u0103\u021birea siguran\u021bei naviga\u021biei \u00een tronsonul bulgaro-rom\u00e2n al fluviului Dun\u0103rea\">\n\t\t\t\t\t<img loading=\"lazy\" decoding=\"async\" width=\"1273\" height=\"760\" src=\"https:\/\/danubesafety.net\/wp-content\/uploads\/2021\/10\/PROJECT_DUNABE_SAFETY_NET_LOGO_271118-01-1273x760.jpg\" class=\"attachment-votestart_mikado_blog_post size-votestart_mikado_blog_post wp-post-image\" alt=\"\" \/>\t\t\t\t\t<\/a>\n\t\t\t\t\t<\/div>\n        <div class=\"mkdf-bli-content\">\n                            <div class=\"mkdf-bli-info\">\n\t                <div class=\"mkdf-post-info-category\">\n    <a href=\"https:\/\/danubesafety.net\/ro\/category\/publicatii\/\" rel=\"category tag\">Publicatii<\/a><\/div>                <\/div>\n            \t\n\t        \n<h5 itemprop=\"name\" class=\"entry-title mkdf-post-title\" >\n            <a itemprop=\"url\" href=\"https:\/\/danubesafety.net\/ro\/proiectul-danube-safety-net-si-contributia-acestuia-la-imbunatatirea-sigurantei-navigatiei-in-tronsonul-bulgaro-roman-al-fluviului-dunarea\/\" title=\"Proiectul Danube Safety Net \u0219i contribu\u021bia acestuia la \u00eembun\u0103t\u0103\u021birea siguran\u021bei naviga\u021biei \u00een tronsonul bulgaro-rom\u00e2n al fluviului Dun\u0103rea\">\n            Proiectul Danube Safety Net \u0219i contribu\u021bia acestuia la \u00eembun\u0103t\u0103\u021birea siguran\u021bei naviga\u021biei \u00een tronsonul bulgaro-rom\u00e2n al fluviului Dun\u0103rea            <\/a>\n    <\/h5>            <div class=\"mkdf-post-info-author\">\n    <span class=\"mkdf-post-info-author-text\">\n        By    <\/span>\n    <a itemprop=\"author\" class=\"mkdf-post-info-author-link\" href=\"https:\/\/danubesafety.net\/ro\/author\/pmarchevski\/\">\n        Pavlin Marchevski    <\/a>\n<\/div>        <\/div>\n\t<\/div>\n<\/li><li class=\"mkdf-bl-item mkdf-item-space\">\n\t<div class=\"mkdf-bli-inner\">\n\t\t\n\t<div class=\"mkdf-post-image\">\n\t\t\t\t\t<a itemprop=\"url\" href=\"https:\/\/danubesafety.net\/ro\/proiectul-danube-safety-net-publicatii\/\" title=\"Proiectul Danube Safety Net -Publicatii\">\n\t\t\t\t\t<img loading=\"lazy\" decoding=\"async\" width=\"1273\" height=\"760\" src=\"https:\/\/danubesafety.net\/wp-content\/uploads\/2021\/10\/PROJECT_DUNABE_SAFETY_NET_LOGO_271118-01-1273x760.jpg\" class=\"attachment-votestart_mikado_blog_post size-votestart_mikado_blog_post wp-post-image\" alt=\"\" \/>\t\t\t\t\t<\/a>\n\t\t\t\t\t<\/div>\n        <div class=\"mkdf-bli-content\">\n                            <div class=\"mkdf-bli-info\">\n\t                <div class=\"mkdf-post-info-category\">\n    <a href=\"https:\/\/danubesafety.net\/ro\/category\/publicatii\/\" rel=\"category tag\">Publicatii<\/a><\/div>                <\/div>\n            \t\n\t        \n<h5 itemprop=\"name\" class=\"entry-title mkdf-post-title\" >\n            <a itemprop=\"url\" href=\"https:\/\/danubesafety.net\/ro\/proiectul-danube-safety-net-publicatii\/\" title=\"Proiectul Danube Safety Net -Publicatii\">\n            Proiectul Danube Safety Net -Publicatii            <\/a>\n    <\/h5>            <div class=\"mkdf-post-info-author\">\n    <span class=\"mkdf-post-info-author-text\">\n        By    <\/span>\n    <a itemprop=\"author\" class=\"mkdf-post-info-author-link\" href=\"https:\/\/danubesafety.net\/ro\/author\/pmarchevski\/\">\n        Pavlin Marchevski    <\/a>\n<\/div>        <\/div>\n\t<\/div>\n<\/li><li class=\"mkdf-bl-item mkdf-item-space\">\n\t<div class=\"mkdf-bli-inner\">\n\t\t\n\t<div class=\"mkdf-post-image\">\n\t\t\t\t\t<a itemprop=\"url\" href=\"https:\/\/danubesafety.net\/ro\/proiectul-danube-safety-net-comunicat-de-presa\/\" title=\"Proiectul Danube Safety Net -Comunicat de pres\u0103\">\n\t\t\t\t\t<img loading=\"lazy\" decoding=\"async\" width=\"1273\" height=\"760\" src=\"https:\/\/danubesafety.net\/wp-content\/uploads\/2021\/10\/PROJECT_DUNABE_SAFETY_NET_LOGO_271118-01-1273x760.jpg\" class=\"attachment-votestart_mikado_blog_post size-votestart_mikado_blog_post wp-post-image\" alt=\"\" \/>\t\t\t\t\t<\/a>\n\t\t\t\t\t<\/div>\n        <div class=\"mkdf-bli-content\">\n                            <div class=\"mkdf-bli-info\">\n\t                <div class=\"mkdf-post-info-category\">\n    <a href=\"https:\/\/danubesafety.net\/ro\/category\/publicatii\/\" rel=\"category tag\">Publicatii<\/a><\/div>                <\/div>\n            \t\n\t        \n<h5 itemprop=\"name\" class=\"entry-title mkdf-post-title\" >\n            <a itemprop=\"url\" href=\"https:\/\/danubesafety.net\/ro\/proiectul-danube-safety-net-comunicat-de-presa\/\" title=\"Proiectul Danube Safety Net -Comunicat de pres\u0103\">\n            Proiectul Danube Safety Net -Comunicat de pres\u0103            <\/a>\n    <\/h5>            <div class=\"mkdf-post-info-author\">\n    <span class=\"mkdf-post-info-author-text\">\n        By    <\/span>\n    <a itemprop=\"author\" class=\"mkdf-post-info-author-link\" href=\"https:\/\/danubesafety.net\/ro\/author\/pmarchevski\/\">\n        Pavlin Marchevski    <\/a>\n<\/div>        <\/div>\n\t<\/div>\n<\/li>\t\t<\/ul>\n\t<\/div>\n\t<\/div>[\/vc_column][\/vc_row]<\/p>\n","protected":false},"excerpt":{"rendered":"<p>[vc_row row_content_width=&#8221;grid&#8221; css=&#8221;.vc_custom_1584005985569{padding-top: 60px !important;padding-bottom: 30px !important;}&#8221;][vc_column][\/vc_column][\/vc_row]<\/p>\n","protected":false},"author":1,"featured_media":0,"parent":0,"menu_order":0,"comment_status":"closed","ping_status":"closed","template":"full-width.php","meta":{"footnotes":""},"_links":{"self":[{"href":"https:\/\/danubesafety.net\/ro\/wp-json\/wp\/v2\/pages\/5256"}],"collection":[{"href":"https:\/\/danubesafety.net\/ro\/wp-json\/wp\/v2\/pages"}],"about":[{"href":"https:\/\/danubesafety.net\/ro\/wp-json\/wp\/v2\/types\/page"}],"author":[{"embeddable":true,"href":"https:\/\/danubesafety.net\/ro\/wp-json\/wp\/v2\/users\/1"}],"replies":[{"embeddable":true,"href":"https:\/\/danubesafety.net\/ro\/wp-json\/wp\/v2\/comments?post=5256"}],"version-history":[{"count":14,"href":"https:\/\/danubesafety.net\/ro\/wp-json\/wp\/v2\/pages\/5256\/revisions"}],"predecessor-version":[{"id":6232,"href":"https:\/\/danubesafety.net\/ro\/wp-json\/wp\/v2\/pages\/5256\/revisions\/6232"}],"wp:attachment":[{"href":"https:\/\/danubesafety.net\/ro\/wp-json\/wp\/v2\/media?parent=5256"}],"curies":[{"name":"wp","href":"https:\/\/api.w.org\/{rel}","templated":true}]}}