{"id":5259,"date":"2020-03-04T16:55:47","date_gmt":"2020-03-04T14:55:47","guid":{"rendered":"https:\/\/danubesafety.net\/?page_id=5259"},"modified":"2021-10-25T16:41:54","modified_gmt":"2021-10-25T13:41:54","slug":"ae-administratia-maritima-eama","status":"publish","type":"page","link":"https:\/\/danubesafety.net\/ro\/ae-administratia-maritima-eama\/","title":{"rendered":"AE \u201eAdministra\u021bia Maritim\u0103\u201d"},"content":{"rendered":"<p>[vc_row row_content_width=&#8221;grid&#8221; parallax_background_image=&#8221;4370&#8243;][vc_column]<div class=\"mkdf-elements-holder-wrapper\"><div class=\"mkdf-elements-holder   mkdf-one-column    mkdf-responsive-mode-768 \" ><div class=\"mkdf-eh-item    \"  data-item-class=\"mkdf-eh-custom-8638\" data-1367-1600=\"147px 61% 157px 0px\" data-1025-1366=\"119px 54% 132px 0px\" data-769-1024=\"119px 35% 132px 0px\" data-681-768=\"119px 17% 132px 0px\" data-680=\"119px 0% 132px 0px\">\n\t<div class=\"mkdf-eh-item-inner\">\n\t\t<div class=\"mkdf-eh-item-content mkdf-eh-custom-8638\" style=\"padding: 190px 59% 204px 0px\">\n\t\t\t<div class=\"mkdf-section-title-holder  mkdf-st-disable-title-break mkdf-st-separator mkdf-s-left\" >\n\t<div class=\"mkdf-st-inner\">\n\t\t\t\t\t<h1 class=\"mkdf-st-title\" style=\"color: #ffffff;padding-bottom: 10px\">\n\t\t\t\tAE \u201eAdministra\u021bia Maritim\u0103\u201d\t\t\t<\/h1>\n\t\t\t\t        \t\t        \t<\/div>\n<\/div>\t\t<\/div>\n\t<\/div>\n<\/div><\/div><\/div>[\/vc_column][\/vc_row][vc_row row_content_width=&#8221;grid&#8221; disable_background_image=&#8221;&#8221; simple_background_image=&#8221;317&#8243; css=&#8221;.vc_custom_1552043514234{padding-top: 105px !important;padding-bottom: 120px !important;}&#8221;][vc_column offset=&#8221;vc_col-lg-offset-0 vc_col-lg-8 vc_col-md-offset-0 vc_col-md-12 vc_col-sm-offset-0 vc_col-xs-12&#8243;][vc_row_inner css=&#8221;.vc_custom_1552038378011{padding-bottom: 10px !important;}&#8221;][vc_column_inner]<div class=\"mkdf-elements-holder-wrapper\"><div class=\"mkdf-elements-holder   mkdf-one-column    mkdf-responsive-mode-768 \" ><div class=\"mkdf-eh-item    \"  data-item-class=\"mkdf-eh-custom-3682\" data-1367-1600=\"0px 170px 0px 0px\" data-1025-1366=\"0px 40px 0px 0px\" data-769-1024=\"0px 90px 0px 0px\" data-681-768=\"0px 0px 0px 0px\" data-680=\"0px 0px 0px 0px\">\n\t<div class=\"mkdf-eh-item-inner\">\n\t\t<div class=\"mkdf-eh-item-content mkdf-eh-custom-3682\" style=\"padding: 0px 170px 0px 0px\">\n\t\t\t<div class=\"mkdf-section-title-holder  mkdf-st-disable-title-break mkdf-st-separator mkdf-s-left\" >\n\t<div class=\"mkdf-st-inner\">\n\t\t\t\t\t<h2 class=\"mkdf-st-title\" style=\"padding-bottom: 10px\">\n\t\t\t\tAgen\u021bia Executiv\u0103 \u201eAdministra\u021bia Maritim\u0103\u201d (EAMA)<br \/>\t\t\t<\/h2>\n\t\t\t\t\t\t\t<p class=\"mkdf-st-text\" style=\"font-size: 17px;line-height: 25px;margin-top: 2px\">\n\t\t\t\tEste persoan\u0103 juridic\u0103 din subordineaMinisterului Transporturilor, Tehnologiei Informa\u021biei \u0219i Comunica\u021biilor. Statutul agen\u021biei este reglementat \u00een Codul de transport maritim comercialal Bulgariei - Art. 360, alin. 1.\t\t\t<\/p>\n\t\t        \t\t        \t<\/div>\n<\/div>\t\t<\/div>\n\t<\/div>\n<\/div><\/div><\/div>[\/vc_column_inner][\/vc_row_inner][vc_row_inner][vc_column_inner width=&#8221;11\/12&#8243;][vc_column_text]Agen\u021bia este condus\u0103 \u0219i reprezentat\u0103 de un director executiv, numit de ministrul transporturilor, tehnologiei informa\u021biei \u0219i comunica\u021biilor, \u00een consultare cu prim-ministrul Republicii Bulgaria. Activit\u0103\u021bile, structura \u0219i organizarea \u0415\u0410\u041c\u0410 sunt stabilite \u00een Regulamentul de func\u021bionare, adoptat de Consiliul de Mini\u0219tri.<\/p>\n<p>Sediul central al EAMA este situat \u00een Sofia \u0219i exist\u0103 birouri regionale \u00een Varna, Burgas, Ruse \u0219i Lom.[\/vc_column_text][\/vc_column_inner][\/vc_row_inner][\/vc_column][vc_column offset=&#8221;vc_col-lg-offset-0 vc_col-lg-4 vc_col-md-offset-0 vc_col-md-12 vc_col-sm-offset-0 vc_col-xs-12&#8243; el_class=&#8221;mkdf-eh-single-image-hover&#8221;]<div class=\"mkdf-elements-holder-wrapper\"><div class=\"mkdf-elements-holder   mkdf-one-column    mkdf-responsive-mode-768 \" ><div class=\"mkdf-eh-item    \"  data-item-class=\"mkdf-eh-custom-9039\" data-1367-1600=\"15px 0 0 0\" data-1025-1366=\"15px 0 0 0\" data-769-1024=\"53px 0 0 0\" data-681-768=\"53px 0 0 0\" data-680=\"53px 0 0 0\">\n\t<div class=\"mkdf-eh-item-inner\">\n\t\t<div class=\"mkdf-eh-item-content mkdf-eh-custom-9039\" style=\"padding: 15px 0 0 0\">\n\t\t\t<div class=\"mkdf-single-image-holder   mkdf-image-behavior-custom-link\">\n    <div class=\"mkdf-si-inner\" >\n        \t            <a itemprop=\"url\" href=\"https:\/\/votestart.mikado-themes.com\/the-texas-senators-aides-have-been-finished\/\" target=\"_self\">\n                                    <img loading=\"lazy\" decoding=\"async\" width=\"2560\" height=\"1920\" src=\"https:\/\/danubesafety.net\/wp-content\/uploads\/2020\/03\/IMG_20191205_121743-scaled.jpg\" class=\"attachment-full size-full\" alt=\"\" srcset=\"https:\/\/danubesafety.net\/wp-content\/uploads\/2020\/03\/IMG_20191205_121743-scaled.jpg 2560w, https:\/\/danubesafety.net\/wp-content\/uploads\/2020\/03\/IMG_20191205_121743-300x225.jpg 300w, https:\/\/danubesafety.net\/wp-content\/uploads\/2020\/03\/IMG_20191205_121743-1024x768.jpg 1024w, https:\/\/danubesafety.net\/wp-content\/uploads\/2020\/03\/IMG_20191205_121743-768x576.jpg 768w, https:\/\/danubesafety.net\/wp-content\/uploads\/2020\/03\/IMG_20191205_121743-1536x1152.jpg 1536w\" sizes=\"(max-width: 2560px) 100vw, 2560px\" \/>                                <\/a>\n            <\/div>\n<\/div>\t\t<\/div>\n\t<\/div>\n<\/div><\/div><\/div>[\/vc_column][\/vc_row][vc_row row_content_width=&#8221;grid&#8221; content_text_aligment=&#8221;left&#8221; css=&#8221;.vc_custom_1579870053536{padding-top: 40px !important;padding-bottom: 40px !important;}&#8221; simple_background_color=&#8221;#f8f8f8&#8243;][vc_column width=&#8221;1\/3&#8243; offset=&#8221;vc_col-lg-offset-0 vc_col-md-offset-0 vc_col-sm-offset-0 vc_col-xs-12&#8243;]<div class=\"mkdf-elements-holder-wrapper\"><div class=\"mkdf-elements-holder   mkdf-one-column    mkdf-responsive-mode-768 mkdf-one-column-alignment-left\" ><div class=\"mkdf-eh-item  mkdf-vertical-alignment-top  \"  data-item-class=\"mkdf-eh-custom-7971\" data-1367-1600=\"19px 10px 42px 0\" data-1025-1366=\"19px 0px 42px 0\" data-769-1024=\"19px 10px 42px 0\" data-681-768=\"19px 151px 42px 0px\" data-680=\"19px 0 42px 0\">\n\t<div class=\"mkdf-eh-item-inner\">\n\t\t<div class=\"mkdf-eh-item-content mkdf-eh-custom-7971\" style=\"padding: 19px 10px 42px 0\">\n\t\t\t<div class=\"mkdf-section-title-holder  mkdf-st-disable-title-break mkdf-st-separator mkdf-s-left\" >\n\t<div class=\"mkdf-st-inner\">\n\t\t\t\t\t<h3 class=\"mkdf-st-title\" style=\"color: #000000;padding-bottom: 10px\">\n\t\t\t\tStructura organizatorica<br \/> a Agentiei Executive \u201cAdministratiaMaritima\u201d\t\t\t<\/h3>\n\t\t\t\t        \t\t                    <div class=\"mkdf-st-background-text\">FA<\/div>\n        \t<\/div>\n<\/div>\t\t<\/div>\n\t<\/div>\n<\/div><\/div><\/div>[\/vc_column][vc_column width=&#8221;2\/3&#8243; offset=&#8221;vc_col-lg-offset-0 vc_col-md-offset-0 vc_col-sm-offset-0 vc_col-xs-12&#8243;]<div class=\"mkdf-elements-holder-wrapper\"><div class=\"mkdf-elements-holder   mkdf-one-column    mkdf-responsive-mode-768 mkdf-one-column-alignment-left\" ><div class=\"mkdf-eh-item  mkdf-vertical-alignment-top  \"  data-item-class=\"mkdf-eh-custom-3747\" data-1367-1600=\"16px 0 21px 0\" data-1025-1366=\"16px 0 47px 0\" data-769-1024=\"8px 360px 67px 0\" data-681-768=\"8px 190px 67px 0\" data-680=\"8px 0 67px 0\">\n\t<div class=\"mkdf-eh-item-inner\">\n\t\t<div class=\"mkdf-eh-item-content mkdf-eh-custom-3747\" style=\"padding: 16px 0 21px 0\">\n\t\t\t<div class=\"mkdf-single-image-holder   \">\n    <div class=\"mkdf-si-inner\" >\n                                    <img loading=\"lazy\" decoding=\"async\" src=\"https:\/\/danubesafety.net\/wp-content\/uploads\/2021\/10\/Organigrama_RO-800x430.png\" alt=\"\" width=\"800\" height=\"430\" \/>                        <\/div>\n<\/div>\t\t<\/div>\n\t<\/div>\n<\/div><\/div><\/div>[\/vc_column][\/vc_row][vc_row row_content_width=&#8221;grid&#8221; css=&#8221;.vc_custom_1579774127967{padding-top: 30px !important;padding-bottom: 30px !important;}&#8221; simple_background_color=&#8221;#0d3b98&#8243;][vc_column offset=&#8221;vc_col-xs-12&#8243;]<div class=\"mkdf-elements-holder-wrapper\"><div class=\"mkdf-elements-holder   mkdf-two-columns    mkdf-responsive-mode-1024 mkdf-one-column-alignment-left\" ><div class=\"mkdf-eh-item  mkdf-vertical-alignment-top  \"  data-item-class=\"mkdf-eh-custom-7484\" data-1367-1600=\"40px 70px 0 130px\" data-1025-1366=\"7px 0px 0 100px\" data-769-1024=\"44px 262px 0 0px\" data-681-768=\"44px 150px 0 0px\" data-680=\"44px 0px 0 0px\">\n\t<div class=\"mkdf-eh-item-inner\">\n\t\t<div class=\"mkdf-eh-item-content mkdf-eh-custom-7484\" style=\"padding: 40px 68px 0 130px\">\n\t\t\t<div class=\"mkdf-section-title-holder  mkdf-st-disable-title-break mkdf-st-separator mkdf-s-center\" style=\"text-align: center\">\n\t<div class=\"mkdf-st-inner\">\n\t\t\t\t\t<h2 class=\"mkdf-st-title\" style=\"color: #ffffff;padding-bottom: 10px\">\n\t\t\t\tJurisdic\u021bia teritorial\u0103 a EAMA<br \/>\t\t\t<\/h2>\n\t\t\t\t\t\t\t<p class=\"mkdf-st-text\" style=\"color: #ffffff;font-size: 16px;line-height: 24px;margin-top: 36px\">\n\t\t\t\tJurisdic\u021bia teritorial\u0103 a EAMA se extinde la apele interne maritime, marea teritorial\u0103, sectorul bulgar al fluviului Dun\u0103rea \u0219i linia de coast\u0103 relevant\u0103, teritoriul porturilor, cu excep\u021bia celor militare, regiunea bulgar\u0103 de jurisdic\u021bie pentru c\u0103utare \u0219i salvare responsabil\u0103, maritim\u0103 \u0219i r\u00e2urile maritime care se vars\u0103 \u00een Marea Neagr\u0103.\t\t\t<\/p>\n\t\t        \t\t        \t<\/div>\n<\/div>[vc_empty_space height=&#8221;37px&#8221;]\t\t<\/div>\n\t<\/div>\n<\/div><\/div><\/div>[\/vc_column][\/vc_row][vc_row row_content_width=&#8221;grid&#8221; css=&#8221;.vc_custom_1579773400460{padding-top: 80px !important;padding-bottom: 40px !important;}&#8221;][vc_column offset=&#8221;vc_col-lg-offset-0 vc_col-lg-8 vc_col-md-offset-0 vc_col-md-12 vc_col-sm-offset-0 vc_col-xs-12&#8243;]<div class=\"mkdf-section-title-holder   mkdf-st-separator mkdf-s-left\" style=\"padding: 0 3%;text-align: left\">\n\t<div class=\"mkdf-st-inner\">\n\t\t\t\t\t<h3 class=\"mkdf-st-title\" style=\"color: #000000;padding-bottom: 13px\">\n\t\t\t\tPrincipalele sarcini \u0219i responsabilit\u0103\u021bi ale EAMA\t\t\t<\/h3>\n\t\t\t\t\t\t\t<p class=\"mkdf-st-text\" style=\"font-size: 17px;line-height: 25px;font-weight: 400;margin-top: 36px\">\n\t\t\t\t\u0410\u0433\u0435\u043d\u0446\u0438\u044f\u0442\u0430:\t\t\t<\/p>\n\t\t        \t\t        \t<\/div>\n<\/div>[\/vc_column][\/vc_row][vc_row row_content_width=&#8221;grid&#8221; content_text_aligment=&#8221;left&#8221;][vc_column]<div class=\"mkdf-icon-list-holder \" >\n\t<div class=\"mkdf-il-icon-holder\">\n\t\t<span aria-hidden=\"true\" class=\"mkdf-icon-font-elegant icon_check \" style=\"color: #1e73be;font-size: 18px\"><\/span>\t<\/div>\n\t<p class=\"mkdf-il-text\" style=\"font-size: 16px;padding-left: 20px\">Organizeaz\u0103 \u0219i coordoneaz\u0103 activit\u0103\u021bi legate de siguran\u021ba transportului maritim \u0219i pe c\u0103ile navigabile interioare ale Republicii Bulgaria;<\/p>\n<\/div><div class=\"mkdf-icon-list-holder \" >\n\t<div class=\"mkdf-il-icon-holder\">\n\t\t<span aria-hidden=\"true\" class=\"mkdf-icon-font-elegant icon_check \" style=\"color: #1e73be;font-size: 18px\"><\/span>\t<\/div>\n\t<p class=\"mkdf-il-text\" style=\"font-size: 16px;padding-left: 20px\">Asigur\u0103 leg\u0103tura efectiv\u0103 \u00eentre guvern \u0219i navele care arboreaz\u0103 pavilionul bulgar;<\/p>\n<\/div>[\/vc_column][\/vc_row][vc_row row_content_width=&#8221;grid&#8221; css=&#8221;.vc_custom_1579774007830{padding-top: 20px !important;padding-bottom: 30px !important;}&#8221;][vc_column]<div class=\"mkdf-separator-holder clearfix  mkdf-separator-center \">\n\t<div class=\"mkdf-separator\" style=\"border-color: #dd3333;border-style: dashed;width: 100%;border-bottom-width: 1px\"><\/div>\n<\/div>\n[\/vc_column][\/vc_row][vc_row row_content_width=&#8221;grid&#8221;][vc_column offset=&#8221;vc_col-lg-offset-0 vc_col-lg-8 vc_col-md-offset-0 vc_col-md-12 vc_col-sm-offset-0 vc_col-xs-12&#8243;]<div class=\"mkdf-section-title-holder    mkdf-s-center\" style=\"padding: 0 3%;text-align: left\">\n\t<div class=\"mkdf-st-inner\">\n\t\t\t\t\t<h5 class=\"mkdf-st-title\" style=\"color: #000000;padding-bottom: 13px\">\n\t\t\t\tExercit\u0103 controlul asupra:\t\t\t<\/h5>\n\t\t\t\t        \t\t        \t<\/div>\n<\/div>[\/vc_column][\/vc_row][vc_row row_content_width=&#8221;grid&#8221; content_text_aligment=&#8221;left&#8221;][vc_column]<div class=\"mkdf-icon-list-holder \" >\n\t<div class=\"mkdf-il-icon-holder\">\n\t\t<span aria-hidden=\"true\" class=\"mkdf-icon-font-elegant icon_check \" style=\"color: #1e73be;font-size: 18px\"><\/span>\t<\/div>\n\t<p class=\"mkdf-il-text\" style=\"font-size: 16px;padding-left: 20px\">Respectarea cerin\u021belor de siguran\u021b\u0103 a transportului de c\u0103trenavele bulgare \u0219i str\u0103ine;<\/p>\n<\/div>[vc_empty_space height=&#8221;20px&#8221;]<div class=\"mkdf-icon-list-holder \" >\n\t<div class=\"mkdf-il-icon-holder\">\n\t\t<span aria-hidden=\"true\" class=\"mkdf-icon-font-elegant icon_check \" style=\"color: #1e73be;font-size: 18px\"><\/span>\t<\/div>\n\t<p class=\"mkdf-il-text\" style=\"font-size: 16px;padding-left: 20px\">Furnizarea de servicii pentru gestionarea traficului \u0219i informa\u021bii despre spa\u021biile maritime, c\u0103ile navigabile interioare, canalele, porturile din Bulgaria \u0219i alte regiuni definite corespunz\u0103tor;<\/p>\n<\/div>[vc_empty_space height=&#8221;20px&#8221;]<div class=\"mkdf-icon-list-holder \" >\n\t<div class=\"mkdf-il-icon-holder\">\n\t\t<span aria-hidden=\"true\" class=\"mkdf-icon-font-elegant icon_check \" style=\"color: #1e73be;font-size: 18px\"><\/span>\t<\/div>\n\t<p class=\"mkdf-il-text\" style=\"font-size: 16px;padding-left: 20px\">Respectarea condi\u021biilor de munc\u0103 \u0219i de via\u021b\u0103 ale navigatorilor;<\/p>\n<\/div>[vc_empty_space height=&#8221;20px&#8221;]<div class=\"mkdf-icon-list-holder \" >\n\t<div class=\"mkdf-il-icon-holder\">\n\t\t<span aria-hidden=\"true\" class=\"mkdf-icon-font-elegant icon_check \" style=\"color: #1e73be;font-size: 18px\"><\/span>\t<\/div>\n\t<p class=\"mkdf-il-text\" style=\"font-size: 16px;padding-left: 20px\">Respectarea cerin\u021belor de calitate pentru combustibilii marini;<\/p>\n<\/div>[\/vc_column][\/vc_row][vc_row row_content_width=&#8221;grid&#8221; css=&#8221;.vc_custom_1579774013663{padding-top: 20px !important;padding-bottom: 30px !important;}&#8221;][vc_column]<div class=\"mkdf-separator-holder clearfix  mkdf-separator-center \">\n\t<div class=\"mkdf-separator\" style=\"border-color: #dd3333;border-style: dashed;width: 100%;border-bottom-width: 1px\"><\/div>\n<\/div>\n[\/vc_column][\/vc_row][vc_row row_content_width=&#8221;grid&#8221; content_text_aligment=&#8221;left&#8221; css=&#8221;.vc_custom_1579773975991{padding-bottom: 80px !important;}&#8221;][vc_column]<div class=\"mkdf-icon-list-holder \" >\n\t<div class=\"mkdf-il-icon-holder\">\n\t\t<span aria-hidden=\"true\" class=\"mkdf-icon-font-elegant icon_check \" style=\"color: #1e73be;font-size: 18px\"><\/span>\t<\/div>\n\t<p class=\"mkdf-il-text\" style=\"font-size: 16px;padding-left: 20px\">Organizeaz\u0103 \u0219i coordoneaz\u0103 c\u0103utarea \u0219i salvarea persoanelor, navelor \u0219i aeronavelor aflate \u00een primejdie;<\/p>\n<\/div>[vc_empty_space height=&#8221;20px&#8221;]<div class=\"mkdf-icon-list-holder \" >\n\t<div class=\"mkdf-il-icon-holder\">\n\t\t<span aria-hidden=\"true\" class=\"mkdf-icon-font-elegant icon_check \" style=\"color: #1e73be;font-size: 18px\"><\/span>\t<\/div>\n\t<p class=\"mkdf-il-text\" style=\"font-size: 16px;padding-left: 20px\">Supravegheaz\u0103 \u0219i organizeaz\u0103 protec\u021bia mediului marin \u0219i a fluviului Dun\u0103rea \u00eempotriva polu\u0103rii provocate de nave;<\/p>\n<\/div>[vc_empty_space height=&#8221;20px&#8221;]<div class=\"mkdf-icon-list-holder \" >\n\t<div class=\"mkdf-il-icon-holder\">\n\t\t<span aria-hidden=\"true\" class=\"mkdf-icon-font-elegant icon_check \" style=\"color: #1e73be;font-size: 18px\"><\/span>\t<\/div>\n\t<p class=\"mkdf-il-text\" style=\"font-size: 16px;padding-left: 20px\">Organizeaz\u0103 \u0219i desf\u0103\u0219oar\u0103 examin\u0103ri pentru competen\u021be pentru navigatori;<\/p>\n<\/div>[vc_empty_space height=&#8221;20px&#8221;]<div class=\"mkdf-icon-list-holder \" >\n\t<div class=\"mkdf-il-icon-holder\">\n\t\t<span aria-hidden=\"true\" class=\"mkdf-icon-font-elegant icon_check \" style=\"color: #1e73be;font-size: 18px\"><\/span>\t<\/div>\n\t<p class=\"mkdf-il-text\" style=\"font-size: 16px;padding-left: 20px\">Elibereaz\u0103 certificate de competen\u021b\u0103 navigatorilor;<\/p>\n<\/div>[vc_empty_space height=&#8221;20px&#8221;]<div class=\"mkdf-icon-list-holder \" >\n\t<div class=\"mkdf-il-icon-holder\">\n\t\t<span aria-hidden=\"true\" class=\"mkdf-icon-font-elegant icon_check \" style=\"color: #1e73be;font-size: 18px\"><\/span>\t<\/div>\n\t<p class=\"mkdf-il-text\" style=\"font-size: 16px;padding-left: 20px\">P\u0103streaz\u0103 registre de nave, navigatori, porturi \u0219i operatori portuari din Republica Bulgaria.<\/p>\n<\/div>[\/vc_column][\/vc_row][vc_row content_text_aligment=&#8221;center&#8221; simple_background_color=&#8221;#002aa7&#8243;][vc_column css=&#8221;.vc_custom_1578956395205{padding-right: 0px !important;padding-left: 0px !important;}&#8221; offset=&#8221;vc_col-lg-offset-0 vc_col-md-offset-0 vc_col-sm-offset-0 vc_col-xs-12&#8243;]<div class=\"mkdf-elements-holder-wrapper\"><div class=\"mkdf-elements-holder   mkdf-one-column    mkdf-responsive-mode-768 \" style=\"background-color: #164193\"><div class=\"mkdf-eh-item    \"  data-item-class=\"mkdf-eh-custom-1713\" data-1367-1600=\"50px 10px 50px\" data-1025-1366=\"50px 10px 50px\" data-769-1024=\"50px 10px 50px\" data-681-768=\"50px 10px 50px\" data-680=\"50px 10px 50px\">\n\t<div class=\"mkdf-eh-item-inner\">\n\t\t<div class=\"mkdf-eh-item-content mkdf-eh-custom-1713\" style=\"padding: 50px 10px 50px\">\n\t\t\t<div class=\"mkdf-section-title-holder   mkdf-st-separator mkdf-s-center\" style=\"text-align: center\">\n\t<div class=\"mkdf-st-inner\">\n\t\t\t\t\t<h2 class=\"mkdf-st-title\" style=\"color: #ffffff;padding-bottom: 13px\">\n\t\t\t\tContact\t\t\t<\/h2>\n\t\t\t\t\t\t\t<p class=\"mkdf-st-text\" style=\"color: #ffffff;margin-top: 36px\">\n\t\t\t\tAgentia Executiva \u201cAdministratia Maritima\u201d\t\t\t<\/p>\n\t\t        \t\t        \t<\/div>\n<\/div>[vc_empty_space height=&#8221;33px&#8221;]<div class=\"mkdf-iwt clearfix  mkdf-iwt-icon-left mkdf-iwt-icon-small\">\n\t\t<div class=\"mkdf-iwt-icon\">\n\t\t\t\t\t\t\t\t\t    <span class=\"mkdf-icon-shortcode mkdf-normal   mkdf-icon-small\"  data-hover-color=\"#ffffff\" data-color=\"#ffffff\">\n                    <span aria-hidden=\"true\" class=\"mkdf-icon-font-elegant icon_phone mkdf-icon-element\" style=\"color: #ffffff;font-size:22px\" ><\/span>            <\/span>\n\t\t\t\t\t\t<\/div>\n\t<div class=\"mkdf-iwt-content\" >\n\t\t\t\t\t<h4 class=\"mkdf-iwt-title\" style=\"color: #ffffff;margin-top: 3px\">\n\t\t\t\t\t\t\t\t<span class=\"mkdf-iwt-title-text\">+359 700 10 145<\/span>\n\t\t\t\t\t\t\t<\/h4>\n\t\t\t\t        \t<\/div>\n<\/div>[vc_column_text]<span style=\"color: #ffffff;\">Adresa:Sofia 1000\u20289, Diakon Ignatii Str.<br \/>\nE-mail: <a style=\"color: #ffffff;\" href=\"mailto:bma@marad.bg\u200b\">bbma@marad.bg<\/a><br \/>\n\u0423\u0435\u0431\u0441\u0430\u0439\u0442: <a style=\"color: #ffffff;\" href=\"http:\/\/www.marad.bg\">www.marad.bg<\/a><\/span>[\/vc_column_text]\t\t<\/div>\n\t<\/div>\n<\/div><span class=\"mkdf-elements-holder-inner\" style=\"font-size: 264px;color: #123a89;top: 160px;right: 0px;bottom: 0px;left: 0px\">Contact<\/span><\/div><\/div>[\/vc_column][\/vc_row]<\/p>\n","protected":false},"excerpt":{"rendered":"<p>[vc_row row_content_width=&#8221;grid&#8221; parallax_background_image=&#8221;4370&#8243;][vc_column][\/vc_column][\/vc_row][vc_row row_content_width=&#8221;grid&#8221; disable_background_image=&#8221;&#8221; simple_background_image=&#8221;317&#8243; css=&#8221;.vc_custom_1552043514234{padding-top: 105px !important;padding-bottom: 120px !important;}&#8221;][vc_column offset=&#8221;vc_col-lg-offset-0 vc_col-lg-8 vc_col-md-offset-0 vc_col-md-12 vc_col-sm-offset-0 vc_col-xs-12&#8243;][vc_row_inner css=&#8221;.vc_custom_1552038378011{padding-bottom: 10px !important;}&#8221;][vc_column_inner][\/vc_column_inner][\/vc_row_inner][vc_row_inner][vc_column_inner width=&#8221;11\/12&#8243;][vc_column_text]Agen\u021bia este condus\u0103 \u0219i reprezentat\u0103 de un director executiv, numit de ministrul transporturilor, tehnologiei informa\u021biei \u0219i comunica\u021biilor, \u00een consultare cu prim-ministrul Republicii Bulgaria. Activit\u0103\u021bile, structura \u0219i organizarea \u0415\u0410\u041c\u0410 sunt stabilite \u00een Regulamentul de func\u021bionare, adoptat de Consiliul de Mini\u0219tri. Sediul central al EAMA este situat \u00een Sofia \u0219i exist\u0103 birouri regionale \u00een Varna, Burgas, Ruse \u0219i Lom.[\/vc_column_text][\/vc_column_inner][\/vc_row_inner][\/vc_column][vc_column offset=&#8221;vc_col-lg-offset-0 vc_col-lg-4 vc_col-md-offset-0 vc_col-md-12 vc_col-sm-offset-0 vc_col-xs-12&#8243; el_class=&#8221;mkdf-eh-single-image-hover&#8221;][\/vc_column][\/vc_row][vc_row [&hellip;]<\/p>\n","protected":false},"author":1,"featured_media":0,"parent":0,"menu_order":0,"comment_status":"closed","ping_status":"closed","template":"full-width.php","meta":{"footnotes":""},"_links":{"self":[{"href":"https:\/\/danubesafety.net\/ro\/wp-json\/wp\/v2\/pages\/5259"}],"collection":[{"href":"https:\/\/danubesafety.net\/ro\/wp-json\/wp\/v2\/pages"}],"about":[{"href":"https:\/\/danubesafety.net\/ro\/wp-json\/wp\/v2\/types\/page"}],"author":[{"embeddable":true,"href":"https:\/\/danubesafety.net\/ro\/wp-json\/wp\/v2\/users\/1"}],"replies":[{"embeddable":true,"href":"https:\/\/danubesafety.net\/ro\/wp-json\/wp\/v2\/comments?post=5259"}],"version-history":[{"count":7,"href":"https:\/\/danubesafety.net\/ro\/wp-json\/wp\/v2\/pages\/5259\/revisions"}],"predecessor-version":[{"id":5845,"href":"https:\/\/danubesafety.net\/ro\/wp-json\/wp\/v2\/pages\/5259\/revisions\/5845"}],"wp:attachment":[{"href":"https:\/\/danubesafety.net\/ro\/wp-json\/wp\/v2\/media?parent=5259"}],"curies":[{"name":"wp","href":"https:\/\/api.w.org\/{rel}","templated":true}]}}